{"id":14590,"date":"2024-11-11T16:40:23","date_gmt":"2024-11-11T16:40:23","guid":{"rendered":"https:\/\/difrenos.com\/?post_type=product&#038;p=14590"},"modified":"2026-03-18T09:19:42","modified_gmt":"2026-03-18T09:19:42","slug":"chaqueta-answer-enduro","status":"publish","type":"product","link":"https:\/\/difrenos.com\/index.php\/producto\/chaqueta-answer-enduro\/","title":{"rendered":"Chaqueta Answer Enduro"},"content":{"rendered":"<h2>Descripci\u00f3n<\/h2>\n<p>Te ofrecemos una espectacular chaqueta a un precio irresistible. Completamente impermeable, resistente, y adecuada para usarla con peto.<\/p>\n<p>-Tejido\u00a0<strong>completamente impermeable<\/strong>, con gran capacidad de transpiraci\u00f3n. El tejido exterior es de Nylon reforzado con zonas de\u00a0<strong>Nylon\u00a0<\/strong><b>bal\u00edstico<\/b>\u00a0extremadamente resistente.<\/p>\n<p>\u2013<strong>Sistema completo de ventilaci\u00f3n<\/strong>, con accesos de aire con cremallera en pecho brazos y 3 posteriores, con los que se consigue una excelente aireaci\u00f3n del interior de la chaqueta cuando sube la temperatura. Las cremalleras del sistema de ventilaci\u00f3n son del tipo\u00a0<strong>sellado estanco<\/strong>\u00a0para que no entre agua.<\/p>\n<p>-La\u00a0<strong>cremallera frontal queda escondida<\/strong>\u00a0bajo una solapa cerrada con velcros, de forma que el agua no pueda acceder al interior, manteniendo adem\u00e1s la temperatura corporal interior.<\/p>\n<p>-En la parte posterior de la chaqueta dispones de un bolsillo en el que se encuentra una\u00a0<strong>ri\u00f1onera<\/strong>\u00a0en la que introducir completamente la propia chaqueta para su transporte.<\/p>\n<p>\u2013<strong>Forro interior en tejido de rejilla<\/strong>\u00a0para su m\u00e1xima ventilaci\u00f3n y transpiraci\u00f3n.<\/p>\n<p>-El corte de la chaqueta esta\u00a0<strong>dise\u00f1ado para su uso con peto de protecci\u00f3n interior<\/strong>, disponiendo de espacio suficiente para petos integrales o de tipo pl\u00e1stico de motocross.<\/p>\n<p>\u2013<strong>Bolsillos frontales<\/strong>, que a su vez cumplen funci\u00f3n de ventilaci\u00f3n.<\/p>\n<p>-Dispone de\u00a0<strong>tiradores el\u00e1sticos<\/strong>\u00a0en la parte inferior para cerrar la chaqueta en climatolog\u00edas adversas.<\/p>\n<p>\u2013<strong>Cremalleras de bolsillos estancas<\/strong>.<\/p>\n<p>\u2013<strong>Amplio bolsillo en la zona lumbar<\/strong>.<\/p>\n","protected":false},"excerpt":{"rendered":"<p>Descripci\u00f3n Te ofrecemos una espectacular chaqueta a un precio irresistible. Completamente impermeable, resistente, y adecuada para usarla con peto. -Tejido\u00a0completamente impermeable, con gran capacidad de transpiraci\u00f3n. El tejido exterior es de Nylon reforzado con zonas de\u00a0Nylon\u00a0bal\u00edstico\u00a0extremadamente resistente. \u2013Sistema completo de ventilaci\u00f3n, con accesos de aire con cremallera en pecho brazos y 3 posteriores, con los [&hellip;]<\/p>\n","protected":false},"featured_media":14592,"template":"","meta":{"_et_pb_use_builder":"","_et_pb_old_content":"","_et_gb_content_width":""},"product_cat":[33,51,69],"product_tag":[822,296],"_links":{"self":[{"href":"https:\/\/difrenos.com\/index.php\/wp-json\/wp\/v2\/product\/14590"}],"collection":[{"href":"https:\/\/difrenos.com\/index.php\/wp-json\/wp\/v2\/product"}],"about":[{"href":"https:\/\/difrenos.com\/index.php\/wp-json\/wp\/v2\/types\/product"}],"wp:featuredmedia":[{"embeddable":true,"href":"https:\/\/difrenos.com\/index.php\/wp-json\/wp\/v2\/media\/14592"}],"wp:attachment":[{"href":"https:\/\/difrenos.com\/index.php\/wp-json\/wp\/v2\/media?parent=14590"}],"wp:term":[{"taxonomy":"product_cat","embeddable":true,"href":"https:\/\/difrenos.com\/index.php\/wp-json\/wp\/v2\/product_cat?post=14590"},{"taxonomy":"product_tag","embeddable":true,"href":"https:\/\/difrenos.com\/index.php\/wp-json\/wp\/v2\/product_tag?post=14590"}],"curies":[{"name":"wp","href":"https:\/\/api.w.org\/{rel}","templated":true}]}}