{"id":14589,"date":"2024-11-11T16:40:20","date_gmt":"2024-11-11T16:40:20","guid":{"rendered":"https:\/\/difrenos.com\/?post_type=product&#038;p=14589"},"modified":"2026-03-12T10:04:56","modified_gmt":"2026-03-12T10:04:56","slug":"valvula-del-respiradero-del-tapon-del-deposito-de-gasolina-husqvarna-81307930000","status":"publish","type":"product","link":"https:\/\/difrenos.com\/index.php\/producto\/valvula-del-respiradero-del-tapon-del-deposito-de-gasolina-husqvarna-81307930000\/","title":{"rendered":"V\u00c1LVULA DEL RESPIRADERO DEL TAP\u00d3N DEL DEP\u00d3SITO DE GASOLINA HUSQVARNA 81307930000)("},"content":{"rendered":"<p>De aluminio de alta calidad, mecanizado<\/p>\n<p>Superficie anodizada de aspecto elegante<\/p>\n<p>Aspecto est\u00e9tico destacado<\/p>\n","protected":false},"excerpt":{"rendered":"<p>De aluminio de alta calidad, mecanizado Superficie anodizada de aspecto elegante Aspecto est\u00e9tico destacado<\/p>\n","protected":false},"featured_media":14591,"template":"","meta":{"_et_pb_use_builder":"","_et_pb_old_content":"","_et_gb_content_width":""},"product_cat":[799,170],"product_tag":[],"_links":{"self":[{"href":"https:\/\/difrenos.com\/index.php\/wp-json\/wp\/v2\/product\/14589"}],"collection":[{"href":"https:\/\/difrenos.com\/index.php\/wp-json\/wp\/v2\/product"}],"about":[{"href":"https:\/\/difrenos.com\/index.php\/wp-json\/wp\/v2\/types\/product"}],"wp:featuredmedia":[{"embeddable":true,"href":"https:\/\/difrenos.com\/index.php\/wp-json\/wp\/v2\/media\/14591"}],"wp:attachment":[{"href":"https:\/\/difrenos.com\/index.php\/wp-json\/wp\/v2\/media?parent=14589"}],"wp:term":[{"taxonomy":"product_cat","embeddable":true,"href":"https:\/\/difrenos.com\/index.php\/wp-json\/wp\/v2\/product_cat?post=14589"},{"taxonomy":"product_tag","embeddable":true,"href":"https:\/\/difrenos.com\/index.php\/wp-json\/wp\/v2\/product_tag?post=14589"}],"curies":[{"name":"wp","href":"https:\/\/api.w.org\/{rel}","templated":true}]}}