{"id":14552,"date":"2024-11-11T12:30:51","date_gmt":"2024-11-11T12:30:51","guid":{"rendered":"https:\/\/difrenos.com\/?post_type=product&#038;p=14552"},"modified":"2025-11-19T12:51:45","modified_gmt":"2025-11-19T12:51:45","slug":"espaldera-luma-talla-m","status":"publish","type":"product","link":"https:\/\/difrenos.com\/index.php\/producto\/espaldera-luma-talla-m\/","title":{"rendered":"Espaldera Lem"},"content":{"rendered":"<p>Flexible y ligera, ofrece una perfecta combinaci\u00f3n entre seguridad y confort. Esta protecci\u00f3n est\u00e1 homologada seg\u00fan la normativa CE\u00a0 Nivel 1<\/p>\n","protected":false},"excerpt":{"rendered":"<p>Talla M<\/p>\n","protected":false},"featured_media":14553,"template":"","meta":{"_et_pb_use_builder":"","_et_pb_old_content":"","_et_gb_content_width":""},"product_cat":[33,232,51,166],"product_tag":[448,309],"_links":{"self":[{"href":"https:\/\/difrenos.com\/index.php\/wp-json\/wp\/v2\/product\/14552"}],"collection":[{"href":"https:\/\/difrenos.com\/index.php\/wp-json\/wp\/v2\/product"}],"about":[{"href":"https:\/\/difrenos.com\/index.php\/wp-json\/wp\/v2\/types\/product"}],"wp:featuredmedia":[{"embeddable":true,"href":"https:\/\/difrenos.com\/index.php\/wp-json\/wp\/v2\/media\/14553"}],"wp:attachment":[{"href":"https:\/\/difrenos.com\/index.php\/wp-json\/wp\/v2\/media?parent=14552"}],"wp:term":[{"taxonomy":"product_cat","embeddable":true,"href":"https:\/\/difrenos.com\/index.php\/wp-json\/wp\/v2\/product_cat?post=14552"},{"taxonomy":"product_tag","embeddable":true,"href":"https:\/\/difrenos.com\/index.php\/wp-json\/wp\/v2\/product_tag?post=14552"}],"curies":[{"name":"wp","href":"https:\/\/api.w.org\/{rel}","templated":true}]}}