{"id":14550,"date":"2024-11-11T12:27:23","date_gmt":"2024-11-11T12:27:23","guid":{"rendered":"https:\/\/difrenos.com\/?post_type=product&#038;p=14550"},"modified":"2025-11-19T12:50:20","modified_gmt":"2025-11-19T12:50:20","slug":"espaldera-hebo-m-l","status":"publish","type":"product","link":"https:\/\/difrenos.com\/index.php\/producto\/espaldera-hebo-m-l\/","title":{"rendered":"Espaldera Hebo"},"content":{"rendered":"<p id=\"product_reference\"><label>Referencia :<\/label>\u00a0<span class=\"editable\">HE6301ML Talla M\/L<\/span><\/p>\n<div id=\"short_description_block\">\n<div class=\"comments_note\">\n<div class=\"star_content clearfix\"><span style=\"color: #333333; font-size: 22px;\">PROTECCI\u00d3N HEBO<\/span><\/div>\n<\/div>\n<\/div>\n<p>La protecci\u00f3n de espalda nivel 1 para Bike y Moto es un equipo de seguridad dise\u00f1ado para proporcionar una mayor protecci\u00f3n en caso de impacto en la parte trasera del cuerpo. Es un accesorio que se coloca en la ropa. Es una opci\u00f3n para aquellos que buscan una mayor protecci\u00f3n. est\u00e1 fabricada con materiales ligeros y resistentes como el poliuretano, y est\u00e1n dise\u00f1adas para adaptarse a la forma del cuerpo. Es importante aclarar que est\u00e1s protecciones no son tan robustas como las de nivel 2 o 3, pero proporcionan una protecci\u00f3n adicional en caso de impacto.<\/p>\n<p>100% Poliuretano.<\/p>\n","protected":false},"excerpt":{"rendered":"<p>Talla M\/L<\/p>\n","protected":false},"featured_media":14551,"template":"","meta":{"_et_pb_use_builder":"","_et_pb_old_content":"","_et_gb_content_width":""},"product_cat":[33,232,51,711,166],"product_tag":[105,309],"_links":{"self":[{"href":"https:\/\/difrenos.com\/index.php\/wp-json\/wp\/v2\/product\/14550"}],"collection":[{"href":"https:\/\/difrenos.com\/index.php\/wp-json\/wp\/v2\/product"}],"about":[{"href":"https:\/\/difrenos.com\/index.php\/wp-json\/wp\/v2\/types\/product"}],"wp:featuredmedia":[{"embeddable":true,"href":"https:\/\/difrenos.com\/index.php\/wp-json\/wp\/v2\/media\/14551"}],"wp:attachment":[{"href":"https:\/\/difrenos.com\/index.php\/wp-json\/wp\/v2\/media?parent=14550"}],"wp:term":[{"taxonomy":"product_cat","embeddable":true,"href":"https:\/\/difrenos.com\/index.php\/wp-json\/wp\/v2\/product_cat?post=14550"},{"taxonomy":"product_tag","embeddable":true,"href":"https:\/\/difrenos.com\/index.php\/wp-json\/wp\/v2\/product_tag?post=14550"}],"curies":[{"name":"wp","href":"https:\/\/api.w.org\/{rel}","templated":true}]}}