{"id":14528,"date":"2024-11-08T14:44:46","date_gmt":"2024-11-08T14:44:46","guid":{"rendered":"https:\/\/difrenos.com\/?post_type=product&#038;p=14528"},"modified":"2026-02-16T12:13:26","modified_gmt":"2026-02-16T12:13:26","slug":"peto-leatt-3df-airfit","status":"publish","type":"product","link":"https:\/\/difrenos.com\/index.php\/producto\/peto-leatt-3df-airfit\/","title":{"rendered":"Peto Leatt Chest Protector 3DF Airfit"},"content":{"rendered":"<h1 class=\"name\">Referencia: LB5017120112<\/h1>\n<h1 class=\"name\">&#8211; Protecci\u00f3n inteligente 3DF en pecho y espalda.<br \/>\n&#8211; Homologaci\u00f3n CE EN1621 Nivel 1.<br \/>\n&#8211; Multi capa para mejor movilidad y con varios canales de ventilaci\u00f3n .<br \/>\n&#8211; Compatible para uso con collar\u00edn BraceOn.<\/h1>\n","protected":false},"excerpt":{"rendered":"<p>Referencia: LB5017120112 &#8211; Protecci\u00f3n inteligente 3DF en pecho y espalda. &#8211; Homologaci\u00f3n CE EN1621 Nivel 1. &#8211; Multi capa para mejor movilidad y con varios canales de ventilaci\u00f3n . &#8211; Compatible para uso con collar\u00edn BraceOn.<\/p>\n","protected":false},"featured_media":14531,"template":"","meta":{"_et_pb_use_builder":"","_et_pb_old_content":"","_et_gb_content_width":""},"product_cat":[33,278,166],"product_tag":[666,309],"_links":{"self":[{"href":"https:\/\/difrenos.com\/index.php\/wp-json\/wp\/v2\/product\/14528"}],"collection":[{"href":"https:\/\/difrenos.com\/index.php\/wp-json\/wp\/v2\/product"}],"about":[{"href":"https:\/\/difrenos.com\/index.php\/wp-json\/wp\/v2\/types\/product"}],"wp:featuredmedia":[{"embeddable":true,"href":"https:\/\/difrenos.com\/index.php\/wp-json\/wp\/v2\/media\/14531"}],"wp:attachment":[{"href":"https:\/\/difrenos.com\/index.php\/wp-json\/wp\/v2\/media?parent=14528"}],"wp:term":[{"taxonomy":"product_cat","embeddable":true,"href":"https:\/\/difrenos.com\/index.php\/wp-json\/wp\/v2\/product_cat?post=14528"},{"taxonomy":"product_tag","embeddable":true,"href":"https:\/\/difrenos.com\/index.php\/wp-json\/wp\/v2\/product_tag?post=14528"}],"curies":[{"name":"wp","href":"https:\/\/api.w.org\/{rel}","templated":true}]}}