{"id":14501,"date":"2024-11-08T12:54:43","date_gmt":"2024-11-08T12:54:43","guid":{"rendered":"https:\/\/difrenos.com\/?post_type=product&#038;p=14501"},"modified":"2025-03-13T15:49:13","modified_gmt":"2025-03-13T15:49:13","slug":"husqvarna-camiseta-origin-azul","status":"publish","type":"product","link":"https:\/\/difrenos.com\/index.php\/producto\/husqvarna-camiseta-origin-azul\/","title":{"rendered":"Husqvarna Camiseta Origin Azul"},"content":{"rendered":"<p>&nbsp;<\/p>\n<ul>\n<li>Made in Europe<\/li>\n<li>Transpirable<\/li>\n<li>Gesti\u00f3n de la humedad<\/li>\n<li>Gesti\u00f3n de los olores<\/li>\n<li>Secado r\u00e1pido<\/li>\n<li>Sensaci\u00f3n t\u00e1ctil natural<\/li>\n<li>Mangas ragl\u00e1n<\/li>\n<li>El\u00e1stico en 4 direcciones<\/li>\n<li>Logotipo 3D en el pecho<\/li>\n<li>Ranura lateral<\/li>\n<li>Estilo de vida 24h<\/li>\n<li>Material drirelease COTTON<\/li>\n<li>81 % poli\u00e9ster \/ 14 % algod\u00f3n \/ 5 % elastano<\/li>\n<\/ul>\n","protected":false},"excerpt":{"rendered":"<p>&nbsp; Made in Europe Transpirable Gesti\u00f3n de la humedad Gesti\u00f3n de los olores Secado r\u00e1pido Sensaci\u00f3n t\u00e1ctil natural Mangas ragl\u00e1n El\u00e1stico en 4 direcciones Logotipo 3D en el pecho Ranura lateral Estilo de vida 24h Material drirelease COTTON 81 % poli\u00e9ster \/ 14 % algod\u00f3n \/ 5 % elastano<\/p>\n","protected":false},"featured_media":14507,"template":"","meta":{"_et_pb_use_builder":"","_et_pb_old_content":"","_et_gb_content_width":""},"product_cat":[755,702,701],"product_tag":[],"_links":{"self":[{"href":"https:\/\/difrenos.com\/index.php\/wp-json\/wp\/v2\/product\/14501"}],"collection":[{"href":"https:\/\/difrenos.com\/index.php\/wp-json\/wp\/v2\/product"}],"about":[{"href":"https:\/\/difrenos.com\/index.php\/wp-json\/wp\/v2\/types\/product"}],"wp:featuredmedia":[{"embeddable":true,"href":"https:\/\/difrenos.com\/index.php\/wp-json\/wp\/v2\/media\/14507"}],"wp:attachment":[{"href":"https:\/\/difrenos.com\/index.php\/wp-json\/wp\/v2\/media?parent=14501"}],"wp:term":[{"taxonomy":"product_cat","embeddable":true,"href":"https:\/\/difrenos.com\/index.php\/wp-json\/wp\/v2\/product_cat?post=14501"},{"taxonomy":"product_tag","embeddable":true,"href":"https:\/\/difrenos.com\/index.php\/wp-json\/wp\/v2\/product_tag?post=14501"}],"curies":[{"name":"wp","href":"https:\/\/api.w.org\/{rel}","templated":true}]}}