{"id":14471,"date":"2024-11-07T16:56:24","date_gmt":"2024-11-07T16:56:24","guid":{"rendered":"https:\/\/difrenos.com\/?post_type=product&#038;p=14471"},"modified":"2024-11-19T12:25:37","modified_gmt":"2024-11-19T12:25:37","slug":"tornillo-azul-jitsie-m5-de-regulacion-maneta-bomba-embrague-ajp-braktec-ji605-1721b","status":"publish","type":"product","link":"https:\/\/difrenos.com\/index.php\/producto\/tornillo-azul-jitsie-m5-de-regulacion-maneta-bomba-embrague-ajp-braktec-ji605-1721b\/","title":{"rendered":"TORNILLO AZUL JITSIE M5 DE REGULACION MANETA BOMBA EMBRAGUE AJP\/BRAKTEC (JI605-1721B)"},"content":{"rendered":"<p>Ajuste f\u00e1cilmente la posici\u00f3n de la palanca de la bomba con este ajustador r\u00e1pido.<\/p>\n<p>Caracter\u00edsticas:<br \/>\n* adecuado para cilindro maestro AJP\/Braktec<br \/>\n* f\u00e1cil ajuste de la posici\u00f3n de la palanca sin herramientas<br \/>\n* Aluminio 7075-T6 mecanizado por CNC<br \/>\n* Ajuste del cilindro maestro de embrague M5<\/p>\n","protected":false},"excerpt":{"rendered":"<p>Ajuste f\u00e1cilmente la posici\u00f3n de la palanca de la bomba con este ajustador r\u00e1pido. Caracter\u00edsticas: * adecuado para cilindro maestro AJP\/Braktec * f\u00e1cil ajuste de la posici\u00f3n de la palanca sin herramientas * Aluminio 7075-T6 mecanizado por CNC * Ajuste del cilindro maestro de embrague M5<\/p>\n","protected":false},"featured_media":14472,"template":"","meta":{"_et_pb_use_builder":"","_et_pb_old_content":"","_et_gb_content_width":""},"product_cat":[806,170],"product_tag":[],"_links":{"self":[{"href":"https:\/\/difrenos.com\/index.php\/wp-json\/wp\/v2\/product\/14471"}],"collection":[{"href":"https:\/\/difrenos.com\/index.php\/wp-json\/wp\/v2\/product"}],"about":[{"href":"https:\/\/difrenos.com\/index.php\/wp-json\/wp\/v2\/types\/product"}],"wp:featuredmedia":[{"embeddable":true,"href":"https:\/\/difrenos.com\/index.php\/wp-json\/wp\/v2\/media\/14472"}],"wp:attachment":[{"href":"https:\/\/difrenos.com\/index.php\/wp-json\/wp\/v2\/media?parent=14471"}],"wp:term":[{"taxonomy":"product_cat","embeddable":true,"href":"https:\/\/difrenos.com\/index.php\/wp-json\/wp\/v2\/product_cat?post=14471"},{"taxonomy":"product_tag","embeddable":true,"href":"https:\/\/difrenos.com\/index.php\/wp-json\/wp\/v2\/product_tag?post=14471"}],"curies":[{"name":"wp","href":"https:\/\/api.w.org\/{rel}","templated":true}]}}