{"id":14446,"date":"2024-11-07T13:17:56","date_gmt":"2024-11-07T13:17:56","guid":{"rendered":"https:\/\/difrenos.com\/?post_type=product&#038;p=14446"},"modified":"2024-11-19T15:39:17","modified_gmt":"2024-11-19T15:39:17","slug":"valvulas-ariete-11970-aluminio-90-neumaticos-tubeless","status":"publish","type":"product","link":"https:\/\/difrenos.com\/index.php\/producto\/valvulas-ariete-11970-aluminio-90-neumaticos-tubeless\/","title":{"rendered":"V\u00e1lvulas Ariete 11970 Aluminio 90\u00b0 Neum\u00e1ticos Tubeless"},"content":{"rendered":"<p>V\u00e1lvulas Ariete 11970 Aluminio 90\u00b0 Neum\u00e1ticos Tubeless (sin c\u00e1mara). Las v\u00e1lvulas de 90 grados Ariete son ideales para el cuidado de la presi\u00f3n del neum\u00e1tico, evitando en muchas ocasiones quemaduras y roces inc\u00f3modos a la hora de verificar la presi\u00f3n de sus neum\u00e1ticos. Di\u00e1metro 11.3 mm.<\/p>\n","protected":false},"excerpt":{"rendered":"<p>V\u00e1lvulas Ariete 11970 Aluminio 90\u00b0 Neum\u00e1ticos Tubeless (sin c\u00e1mara). Las v\u00e1lvulas de 90 grados Ariete son ideales para el cuidado de la presi\u00f3n del neum\u00e1tico, evitando en muchas ocasiones quemaduras y roces inc\u00f3modos a la hora de verificar la presi\u00f3n de sus neum\u00e1ticos. Di\u00e1metro 11.3 mm.<\/p>\n","protected":false},"featured_media":14454,"template":"","meta":{"_et_pb_use_builder":"","_et_pb_old_content":"","_et_gb_content_width":""},"product_cat":[170,519],"product_tag":[],"_links":{"self":[{"href":"https:\/\/difrenos.com\/index.php\/wp-json\/wp\/v2\/product\/14446"}],"collection":[{"href":"https:\/\/difrenos.com\/index.php\/wp-json\/wp\/v2\/product"}],"about":[{"href":"https:\/\/difrenos.com\/index.php\/wp-json\/wp\/v2\/types\/product"}],"wp:featuredmedia":[{"embeddable":true,"href":"https:\/\/difrenos.com\/index.php\/wp-json\/wp\/v2\/media\/14454"}],"wp:attachment":[{"href":"https:\/\/difrenos.com\/index.php\/wp-json\/wp\/v2\/media?parent=14446"}],"wp:term":[{"taxonomy":"product_cat","embeddable":true,"href":"https:\/\/difrenos.com\/index.php\/wp-json\/wp\/v2\/product_cat?post=14446"},{"taxonomy":"product_tag","embeddable":true,"href":"https:\/\/difrenos.com\/index.php\/wp-json\/wp\/v2\/product_tag?post=14446"}],"curies":[{"name":"wp","href":"https:\/\/api.w.org\/{rel}","templated":true}]}}