{"id":14109,"date":"2024-10-28T10:43:36","date_gmt":"2024-10-28T10:43:36","guid":{"rendered":"https:\/\/difrenos.com\/?post_type=product&#038;p=14109"},"modified":"2025-10-03T12:43:51","modified_gmt":"2025-10-03T12:43:51","slug":"ktm-luz-e-bike-36v","status":"publish","type":"product","link":"https:\/\/difrenos.com\/index.php\/producto\/ktm-luz-e-bike-36v\/","title":{"rendered":"Luz Delantera Ktm E-Bike 36V"},"content":{"rendered":"<p>Referencia: 3081010<\/p>\n<p>&#8211; 6-36V DC, para la conexi\u00f3n al sistema de CC de la bicicleta el\u00e9ctrica<br \/>\n&#8211; Haz brillante sin deslumbramiento<br \/>\n&#8211; Buena visibilidad tambi\u00e9n desde el lado<\/p>\n","protected":false},"excerpt":{"rendered":"<p>Referencia: 3081010 &#8211; 6-36V DC, para la conexi\u00f3n al sistema de CC de la bicicleta el\u00e9ctrica &#8211; Haz brillante sin deslumbramiento &#8211; Buena visibilidad tambi\u00e9n desde el lado<\/p>\n","protected":false},"featured_media":0,"template":"","meta":{"_et_pb_use_builder":"","_et_pb_old_content":"","_et_gb_content_width":""},"product_cat":[292,220,33,30],"product_tag":[445,882],"_links":{"self":[{"href":"https:\/\/difrenos.com\/index.php\/wp-json\/wp\/v2\/product\/14109"}],"collection":[{"href":"https:\/\/difrenos.com\/index.php\/wp-json\/wp\/v2\/product"}],"about":[{"href":"https:\/\/difrenos.com\/index.php\/wp-json\/wp\/v2\/types\/product"}],"wp:attachment":[{"href":"https:\/\/difrenos.com\/index.php\/wp-json\/wp\/v2\/media?parent=14109"}],"wp:term":[{"taxonomy":"product_cat","embeddable":true,"href":"https:\/\/difrenos.com\/index.php\/wp-json\/wp\/v2\/product_cat?post=14109"},{"taxonomy":"product_tag","embeddable":true,"href":"https:\/\/difrenos.com\/index.php\/wp-json\/wp\/v2\/product_tag?post=14109"}],"curies":[{"name":"wp","href":"https:\/\/api.w.org\/{rel}","templated":true}]}}