{"id":13979,"date":"2024-10-22T16:35:11","date_gmt":"2024-10-22T16:35:11","guid":{"rendered":"https:\/\/difrenos.com\/?post_type=product&#038;p=13979"},"modified":"2024-11-19T15:56:39","modified_gmt":"2024-11-19T15:56:39","slug":"proteccion-de-escape-2t-husqvarna-tc-te-250-300-14-16","status":"publish","type":"product","link":"https:\/\/difrenos.com\/index.php\/producto\/proteccion-de-escape-2t-husqvarna-tc-te-250-300-14-16\/","title":{"rendered":"PROTECCI\u00d3N DE ESCAPE 2T HUSQVARNA TC\/TE 250\/300 \u00b414-\u00b416 (55105994000)"},"content":{"rendered":"<p>Extrema ligereza: un 80 % m\u00e1s ligero que el acero de igual resistencia<\/p>\n<p>Muy resistente: 4 veces m\u00e1s capacidad de carga que el aluminio<\/p>\n<p>Rigidez y firmeza superiores<\/p>\n<p>Sin corrosi\u00f3n<\/p>\n<p>Alta y permanente resistencia al calor<\/p>\n<p>Escasa dilataci\u00f3n por calor<\/p>\n<p>&nbsp;<\/p>\n","protected":false},"excerpt":{"rendered":"<p>Extrema ligereza: un 80 % m\u00e1s ligero que el acero de igual resistencia Muy resistente: 4 veces m\u00e1s capacidad de carga que el aluminio Rigidez y firmeza superiores Sin corrosi\u00f3n Alta y permanente resistencia al calor Escasa dilataci\u00f3n por calor &nbsp;<\/p>\n","protected":false},"featured_media":13980,"template":"","meta":{"_et_pb_use_builder":"","_et_pb_old_content":"","_et_gb_content_width":""},"product_cat":[789,170],"product_tag":[],"_links":{"self":[{"href":"https:\/\/difrenos.com\/index.php\/wp-json\/wp\/v2\/product\/13979"}],"collection":[{"href":"https:\/\/difrenos.com\/index.php\/wp-json\/wp\/v2\/product"}],"about":[{"href":"https:\/\/difrenos.com\/index.php\/wp-json\/wp\/v2\/types\/product"}],"wp:featuredmedia":[{"embeddable":true,"href":"https:\/\/difrenos.com\/index.php\/wp-json\/wp\/v2\/media\/13980"}],"wp:attachment":[{"href":"https:\/\/difrenos.com\/index.php\/wp-json\/wp\/v2\/media?parent=13979"}],"wp:term":[{"taxonomy":"product_cat","embeddable":true,"href":"https:\/\/difrenos.com\/index.php\/wp-json\/wp\/v2\/product_cat?post=13979"},{"taxonomy":"product_tag","embeddable":true,"href":"https:\/\/difrenos.com\/index.php\/wp-json\/wp\/v2\/product_tag?post=13979"}],"curies":[{"name":"wp","href":"https:\/\/api.w.org\/{rel}","templated":true}]}}