{"id":13715,"date":"2024-10-15T12:05:33","date_gmt":"2024-10-15T12:05:33","guid":{"rendered":"https:\/\/difrenos.com\/?post_type=product&#038;p=13715"},"modified":"2025-10-30T11:18:21","modified_gmt":"2025-10-30T11:18:21","slug":"soporte-bici-acerbis","status":"publish","type":"product","link":"https:\/\/difrenos.com\/index.php\/producto\/soporte-bici-acerbis\/","title":{"rendered":"Soporte Bici Acerbis"},"content":{"rendered":"<p>Caracter\u00edsticas Soporte multifuncional para Bicicletas Caballete multifuncional para MTB \/ E-BIKE.<\/p>\n<p>Posici\u00f3n vertical de la bicicleta: Ahorra espacio, libera hasta 1,1 m en el garaje, seguridad y estabilidad en segundos, permite el mantenimiento de la rueda delantera. Posici\u00f3n horizontal de la bicicleta con la rueda trasera levantada: permite el mantenimiento de la rueda trasera, los platos y la cadena. Posici\u00f3n horizontal con la rueda delantera levantada: permite guardar o lavar la bicicleta. Estructura de acero. Ancho de la carcasa del neum\u00e1tico 78mm. Compatible con neum\u00e1ticos de hasta 2,8&#8243;. Extremadamente pr\u00e1ctico para introducir y extraer la bicicleta. Compatible para eBikes, MTB, bicicletas de carrera y bicicletas de trekking. Estabilidad tanto en las ruedas traseras como en las delanteras. Compatible con ruedas 26 \/ 27.5 \/ 29. Se apoya s\u00f3lo en la rueda, as\u00ed\u00a0evita da\u00f1ar los radios y el\u00a0marco.<\/p>\n<p><a href=\"https:\/\/www.ubricarmotos.com\/\">C<\/a><\/p>\n","protected":false},"excerpt":{"rendered":"<p>Caracter\u00edsticas Soporte multifuncional para Bicicletas Caballete multifuncional para MTB \/ E-BIKE. Posici\u00f3n vertical de la bicicleta: Ahorra espacio, libera hasta 1,1 m en el garaje, seguridad y estabilidad en segundos, permite el mantenimiento de la rueda delantera. Posici\u00f3n horizontal de la bicicleta con la rueda trasera levantada: permite el mantenimiento de la rueda trasera, los [&hellip;]<\/p>\n","protected":false},"featured_media":13716,"template":"","meta":{"_et_pb_use_builder":"","_et_pb_old_content":"","_et_gb_content_width":""},"product_cat":[292,729,220,33],"product_tag":[445,26],"_links":{"self":[{"href":"https:\/\/difrenos.com\/index.php\/wp-json\/wp\/v2\/product\/13715"}],"collection":[{"href":"https:\/\/difrenos.com\/index.php\/wp-json\/wp\/v2\/product"}],"about":[{"href":"https:\/\/difrenos.com\/index.php\/wp-json\/wp\/v2\/types\/product"}],"wp:featuredmedia":[{"embeddable":true,"href":"https:\/\/difrenos.com\/index.php\/wp-json\/wp\/v2\/media\/13716"}],"wp:attachment":[{"href":"https:\/\/difrenos.com\/index.php\/wp-json\/wp\/v2\/media?parent=13715"}],"wp:term":[{"taxonomy":"product_cat","embeddable":true,"href":"https:\/\/difrenos.com\/index.php\/wp-json\/wp\/v2\/product_cat?post=13715"},{"taxonomy":"product_tag","embeddable":true,"href":"https:\/\/difrenos.com\/index.php\/wp-json\/wp\/v2\/product_tag?post=13715"}],"curies":[{"name":"wp","href":"https:\/\/api.w.org\/{rel}","templated":true}]}}