{"id":13661,"date":"2024-10-11T17:33:50","date_gmt":"2024-10-11T17:33:50","guid":{"rendered":"https:\/\/difrenos.com\/?post_type=product&#038;p=13661"},"modified":"2026-01-29T14:00:31","modified_gmt":"2026-01-29T14:00:31","slug":"mochila-con-ruedas-gas-gas-tld-team-color-rojo","status":"publish","type":"product","link":"https:\/\/difrenos.com\/index.php\/producto\/mochila-con-ruedas-gas-gas-tld-team-color-rojo\/","title":{"rendered":"Maleta Gas Gas TLD Team Short Haul Roller"},"content":{"rendered":"<p>Referencia: 3GG230051900<\/p>\n<p><strong>Maleta Trolley GasGas Troy Lee Designs Team Short Haul Red.<\/strong><\/p>\n<p>La maleta trolley GasGas Troy Lee Designs Team Short Haul ha sido aprobada para poder llevarla en la mayor\u00eda de aerol\u00edneas del mundo. Es una maleta de mano ultra vers\u00e1til y poco pesada que podr\u00e1s llevar a cualquier parte. Tiene un dise\u00f1o de dos niveles y un amplio espacio para guardar todo lo que necesites para hacerte una escapada de fin de semana o bien puedes hacerte una escapada de toda una semana gracias a su espacio adicional que se obtiene gracias a su panel lateral con cremallera con el que amplias de volumen la maleta.<\/p>\n<p><strong>Especificaciones:<\/strong><\/p>\n<ul>\n<li>Dimensiones: 53,85 x 31,75 x 26,92 cm<\/li>\n<li>Volumen: Sin Expandir: 44 Litros \/ Con Expansi\u00f3n: 52 Litros.<\/li>\n<li>Base ligera moldeada por compresi\u00f3n.<\/li>\n<li>Etiqueta de identificaci\u00f3n<\/li>\n<li>Bolsillo interno-externo Ezy-Access.<\/li>\n<li>Cremalleras bloqueables.<\/li>\n<li>La cremallera de expansi\u00f3n a\u00f1ade 8,6 litros de volumen adicional.<\/li>\n<li>Almacenamiento dividido m\u00faltiple.<\/li>\n<li>Conjunto de ruedas reemplazable.<\/li>\n<li>Aprobada para poder llevarla en la mayor\u00eda de aerol\u00edneas del mundo.<\/li>\n<li>Fabricada por Albek en exclusiva para GasGas y Troy Lee Designs.<\/li>\n<\/ul>\n","protected":false},"excerpt":{"rendered":"<p>Referencia: 3GG230051900 Maleta Trolley GasGas Troy Lee Designs Team Short Haul Red. La maleta trolley GasGas Troy Lee Designs Team Short Haul ha sido aprobada para poder llevarla en la mayor\u00eda de aerol\u00edneas del mundo. Es una maleta de mano ultra vers\u00e1til y poco pesada que podr\u00e1s llevar a cualquier parte. Tiene un dise\u00f1o de [&hellip;]<\/p>\n","protected":false},"featured_media":13662,"template":"","meta":{"_et_pb_use_builder":"","_et_pb_old_content":"","_et_gb_content_width":""},"product_cat":[33,768,707,272],"product_tag":[48,85],"_links":{"self":[{"href":"https:\/\/difrenos.com\/index.php\/wp-json\/wp\/v2\/product\/13661"}],"collection":[{"href":"https:\/\/difrenos.com\/index.php\/wp-json\/wp\/v2\/product"}],"about":[{"href":"https:\/\/difrenos.com\/index.php\/wp-json\/wp\/v2\/types\/product"}],"wp:featuredmedia":[{"embeddable":true,"href":"https:\/\/difrenos.com\/index.php\/wp-json\/wp\/v2\/media\/13662"}],"wp:attachment":[{"href":"https:\/\/difrenos.com\/index.php\/wp-json\/wp\/v2\/media?parent=13661"}],"wp:term":[{"taxonomy":"product_cat","embeddable":true,"href":"https:\/\/difrenos.com\/index.php\/wp-json\/wp\/v2\/product_cat?post=13661"},{"taxonomy":"product_tag","embeddable":true,"href":"https:\/\/difrenos.com\/index.php\/wp-json\/wp\/v2\/product_tag?post=13661"}],"curies":[{"name":"wp","href":"https:\/\/api.w.org\/{rel}","templated":true}]}}