{"id":13653,"date":"2024-10-11T17:06:05","date_gmt":"2024-10-11T17:06:05","guid":{"rendered":"https:\/\/difrenos.com\/?post_type=product&#038;p=13653"},"modified":"2026-01-29T13:58:49","modified_gmt":"2026-01-29T13:58:49","slug":"mochila-gas-gas-tld-team","status":"publish","type":"product","link":"https:\/\/difrenos.com\/index.php\/producto\/mochila-gas-gas-tld-team\/","title":{"rendered":"Mochila Gas Gas TLD Team Whitebridge"},"content":{"rendered":"<p id=\"product_reference\"><label>Referencia :<\/label>\u00a0<span class=\"editable\">3GG220052200<\/span><\/p>\n<div id=\"short_description_block\">\n<div class=\"comments_note\">\n<div class=\"star_content clearfix\">&#8211; Correas acolchadas para los hombros<\/div>\n<\/div>\n<\/div>\n<p>&#8211; Dos bolsillos laterales externos para bebidas o art\u00edculos peque\u00f1os<br \/>\n&#8211; Compartimento acolchado para ordenador port\u00e1til<br \/>\n&#8211; Bolsillo para tel\u00e9fono en el forro interior<br \/>\n&#8211; Dise\u00f1o exclusivo de TLD para GASGAS<br \/>\n&#8211; 50 % 600D Poli\u00e9ster mate \/ 50 % 900D Nailon bal\u00edstico<\/p>\n","protected":false},"excerpt":{"rendered":"<p>Referencia :\u00a03GG220052200 &#8211; Correas acolchadas para los hombros &#8211; Dos bolsillos laterales externos para bebidas o art\u00edculos peque\u00f1os &#8211; Compartimento acolchado para ordenador port\u00e1til &#8211; Bolsillo para tel\u00e9fono en el forro interior &#8211; Dise\u00f1o exclusivo de TLD para GASGAS &#8211; 50 % 600D Poli\u00e9ster mate \/ 50 % 900D Nailon bal\u00edstico<\/p>\n","protected":false},"featured_media":13654,"template":"","meta":{"_et_pb_use_builder":"","_et_pb_old_content":"","_et_gb_content_width":""},"product_cat":[33,768,707,273],"product_tag":[48,85],"_links":{"self":[{"href":"https:\/\/difrenos.com\/index.php\/wp-json\/wp\/v2\/product\/13653"}],"collection":[{"href":"https:\/\/difrenos.com\/index.php\/wp-json\/wp\/v2\/product"}],"about":[{"href":"https:\/\/difrenos.com\/index.php\/wp-json\/wp\/v2\/types\/product"}],"wp:featuredmedia":[{"embeddable":true,"href":"https:\/\/difrenos.com\/index.php\/wp-json\/wp\/v2\/media\/13654"}],"wp:attachment":[{"href":"https:\/\/difrenos.com\/index.php\/wp-json\/wp\/v2\/media?parent=13653"}],"wp:term":[{"taxonomy":"product_cat","embeddable":true,"href":"https:\/\/difrenos.com\/index.php\/wp-json\/wp\/v2\/product_cat?post=13653"},{"taxonomy":"product_tag","embeddable":true,"href":"https:\/\/difrenos.com\/index.php\/wp-json\/wp\/v2\/product_tag?post=13653"}],"curies":[{"name":"wp","href":"https:\/\/api.w.org\/{rel}","templated":true}]}}