{"id":13650,"date":"2024-10-11T16:56:17","date_gmt":"2024-10-11T16:56:17","guid":{"rendered":"https:\/\/difrenos.com\/?post_type=product&#038;p=13650"},"modified":"2025-09-25T11:13:14","modified_gmt":"2025-09-25T11:13:14","slug":"mochila-gas-gas-team-rev-rojo","status":"publish","type":"product","link":"https:\/\/difrenos.com\/index.php\/producto\/mochila-gas-gas-team-rev-rojo\/","title":{"rendered":"Mochila Gas Gas Team Rev"},"content":{"rendered":"<div class=\"amshopby-option-link flex flex-col\"><span class=\"type mr-1\">Referencia: <\/span>3GG240032100<\/div>\n<div>\n<ul>\n<li>Panel trasero HUB (Hybrid Uni-body Back Panel) para el m\u00e1ximo confort.<\/li>\n<li>Tirantes ergon\u00f3micos.<\/li>\n<li>Los paneles de espuma integrados mantienen protegidos los aparatos electr\u00f3nicos y otros objetos de valor.<\/li>\n<li>Compartimento principal grande.<\/li>\n<li>Soportes dobles laterales para botellas de agua\/accesorios.<\/li>\n<li>Bolsillo Tech Vault a prueba de golpes con forro de punto suave.<\/li>\n<li>Compartimento apto para la mayor\u00eda de ordenadores port\u00e1tiles de 15&#8243;.<\/li>\n<li>Bolsillo acolchado para iPad\/tableta\/libro electr\u00f3nico.<\/li>\n<li>Dise\u00f1o exclusivo de OGIO\u00ae para GASGAS.<\/li>\n<li>100 % poli\u00e9ster.<\/li>\n<\/ul>\n<\/div>\n<div><\/div>\n","protected":false},"excerpt":{"rendered":"<p>Referencia: 3GG240032100 Panel trasero HUB (Hybrid Uni-body Back Panel) para el m\u00e1ximo confort. Tirantes ergon\u00f3micos. Los paneles de espuma integrados mantienen protegidos los aparatos electr\u00f3nicos y otros objetos de valor. Compartimento principal grande. Soportes dobles laterales para botellas de agua\/accesorios. Bolsillo Tech Vault a prueba de golpes con forro de punto suave. Compartimento apto para [&hellip;]<\/p>\n","protected":false},"featured_media":13652,"template":"","meta":{"_et_pb_use_builder":"","_et_pb_old_content":"","_et_gb_content_width":""},"product_cat":[33,768,707,273],"product_tag":[48,85],"_links":{"self":[{"href":"https:\/\/difrenos.com\/index.php\/wp-json\/wp\/v2\/product\/13650"}],"collection":[{"href":"https:\/\/difrenos.com\/index.php\/wp-json\/wp\/v2\/product"}],"about":[{"href":"https:\/\/difrenos.com\/index.php\/wp-json\/wp\/v2\/types\/product"}],"wp:featuredmedia":[{"embeddable":true,"href":"https:\/\/difrenos.com\/index.php\/wp-json\/wp\/v2\/media\/13652"}],"wp:attachment":[{"href":"https:\/\/difrenos.com\/index.php\/wp-json\/wp\/v2\/media?parent=13650"}],"wp:term":[{"taxonomy":"product_cat","embeddable":true,"href":"https:\/\/difrenos.com\/index.php\/wp-json\/wp\/v2\/product_cat?post=13650"},{"taxonomy":"product_tag","embeddable":true,"href":"https:\/\/difrenos.com\/index.php\/wp-json\/wp\/v2\/product_tag?post=13650"}],"curies":[{"name":"wp","href":"https:\/\/api.w.org\/{rel}","templated":true}]}}