{"id":13622,"date":"2024-10-11T08:33:38","date_gmt":"2024-10-11T08:33:38","guid":{"rendered":"https:\/\/difrenos.com\/?post_type=product&#038;p=13622"},"modified":"2026-03-16T14:00:16","modified_gmt":"2026-03-16T14:00:16","slug":"maneta-de-freno-husqvarna8131399204468","status":"publish","type":"product","link":"https:\/\/difrenos.com\/index.php\/producto\/maneta-de-freno-husqvarna8131399204468\/","title":{"rendered":"MANETA DE FRENO HUSQVARNA(8131399204468)"},"content":{"rendered":"<p>De aluminio de alta calidad, mecanizado<\/p>\n<p>Superficie anodizada de aspecto elegante<\/p>\n<p>Aspecto est\u00e9tico destacado con un valor a\u00f1adido en t\u00e9cnica y ergonom\u00eda<\/p>\n<p>Apertura ajustable<\/p>\n<p>Adecuado para todos los sistemas de frenos hidr\u00e1ulicos Brembo\u00ae.<\/p>\n<p>&nbsp;<\/p>\n","protected":false},"excerpt":{"rendered":"<p>De aluminio de alta calidad, mecanizado Superficie anodizada de aspecto elegante Aspecto est\u00e9tico destacado con un valor a\u00f1adido en t\u00e9cnica y ergonom\u00eda Apertura ajustable Adecuado para todos los sistemas de frenos hidr\u00e1ulicos Brembo\u00ae. &nbsp;<\/p>\n","protected":false},"featured_media":13623,"template":"","meta":{"_et_pb_use_builder":"","_et_pb_old_content":"","_et_gb_content_width":""},"product_cat":[806,170],"product_tag":[],"_links":{"self":[{"href":"https:\/\/difrenos.com\/index.php\/wp-json\/wp\/v2\/product\/13622"}],"collection":[{"href":"https:\/\/difrenos.com\/index.php\/wp-json\/wp\/v2\/product"}],"about":[{"href":"https:\/\/difrenos.com\/index.php\/wp-json\/wp\/v2\/types\/product"}],"wp:featuredmedia":[{"embeddable":true,"href":"https:\/\/difrenos.com\/index.php\/wp-json\/wp\/v2\/media\/13623"}],"wp:attachment":[{"href":"https:\/\/difrenos.com\/index.php\/wp-json\/wp\/v2\/media?parent=13622"}],"wp:term":[{"taxonomy":"product_cat","embeddable":true,"href":"https:\/\/difrenos.com\/index.php\/wp-json\/wp\/v2\/product_cat?post=13622"},{"taxonomy":"product_tag","embeddable":true,"href":"https:\/\/difrenos.com\/index.php\/wp-json\/wp\/v2\/product_tag?post=13622"}],"curies":[{"name":"wp","href":"https:\/\/api.w.org\/{rel}","templated":true}]}}