{"id":13617,"date":"2024-10-11T08:21:53","date_gmt":"2024-10-11T08:21:53","guid":{"rendered":"https:\/\/difrenos.com\/?post_type=product&#038;p=13617"},"modified":"2026-03-12T11:38:51","modified_gmt":"2026-03-12T11:38:51","slug":"maneta-del-freno-y-del-embrague-husqvarna","status":"publish","type":"product","link":"https:\/\/difrenos.com\/index.php\/producto\/maneta-del-freno-y-del-embrague-husqvarna\/","title":{"rendered":"MANETA DEL FRENO Y DEL EMBRAGUE HUSQVARNA(7800293110068)"},"content":{"rendered":"<p>Esta maneta de freno y de embrague forjada de Husqvarna ofrece las siguientes ventajas:<\/p>\n<p>Se puede usar como maneta de freno o de embrague<\/p>\n<p>Fabricada en aluminio de alta resistencia, forjada y posteriormente mecanizada<\/p>\n<p>Este minucioso procedimiento de fabricaci\u00f3n garantiza amplia durabilidad, m\u00e1xima flexibilidad y \u00f3ptima adaptaci\u00f3n<\/p>\n<p>Forma ergon\u00f3mica optimizada<\/p>\n<p>Punto de rotura controlada predefinido<\/p>\n<p>\u00a1Solo se puede usar como maneta de freno con un equipo de frenos de Magura!<\/p>\n","protected":false},"excerpt":{"rendered":"<p>Esta maneta de freno y de embrague forjada de Husqvarna ofrece las siguientes ventajas: Se puede usar como maneta de freno o de embrague Fabricada en aluminio de alta resistencia, forjada y posteriormente mecanizada Este minucioso procedimiento de fabricaci\u00f3n garantiza amplia durabilidad, m\u00e1xima flexibilidad y \u00f3ptima adaptaci\u00f3n Forma ergon\u00f3mica optimizada Punto de rotura controlada predefinido [&hellip;]<\/p>\n","protected":false},"featured_media":13618,"template":"","meta":{"_et_pb_use_builder":"","_et_pb_old_content":"","_et_gb_content_width":""},"product_cat":[806,170],"product_tag":[],"_links":{"self":[{"href":"https:\/\/difrenos.com\/index.php\/wp-json\/wp\/v2\/product\/13617"}],"collection":[{"href":"https:\/\/difrenos.com\/index.php\/wp-json\/wp\/v2\/product"}],"about":[{"href":"https:\/\/difrenos.com\/index.php\/wp-json\/wp\/v2\/types\/product"}],"wp:featuredmedia":[{"embeddable":true,"href":"https:\/\/difrenos.com\/index.php\/wp-json\/wp\/v2\/media\/13618"}],"wp:attachment":[{"href":"https:\/\/difrenos.com\/index.php\/wp-json\/wp\/v2\/media?parent=13617"}],"wp:term":[{"taxonomy":"product_cat","embeddable":true,"href":"https:\/\/difrenos.com\/index.php\/wp-json\/wp\/v2\/product_cat?post=13617"},{"taxonomy":"product_tag","embeddable":true,"href":"https:\/\/difrenos.com\/index.php\/wp-json\/wp\/v2\/product_tag?post=13617"}],"curies":[{"name":"wp","href":"https:\/\/api.w.org\/{rel}","templated":true}]}}