{"id":13584,"date":"2024-10-10T17:16:34","date_gmt":"2024-10-10T17:16:34","guid":{"rendered":"https:\/\/difrenos.com\/?post_type=product&#038;p=13584"},"modified":"2025-09-24T09:14:16","modified_gmt":"2025-09-24T09:14:16","slug":"guantes-de-punto-husqvarna","status":"publish","type":"product","link":"https:\/\/difrenos.com\/index.php\/producto\/guantes-de-punto-husqvarna\/","title":{"rendered":"Guantes de Punto Husqvarna"},"content":{"rendered":"<ul>\n<li>Sensaci\u00f3n t\u00e1ctil natural<\/li>\n<li>Estilo de vida 24h<\/li>\n<li>50 % acr\u00edlico \/ 50 % lana<\/li>\n<\/ul>\n","protected":false},"excerpt":{"rendered":"<p>Sensaci\u00f3n t\u00e1ctil natural Estilo de vida 24h 50 % acr\u00edlico \/ 50 % lana<\/p>\n","protected":false},"featured_media":13587,"template":"","meta":{"_et_pb_use_builder":"","_et_pb_old_content":"","_et_gb_content_width":""},"product_cat":[215,33,702,100,701],"product_tag":[445,48,108],"_links":{"self":[{"href":"https:\/\/difrenos.com\/index.php\/wp-json\/wp\/v2\/product\/13584"}],"collection":[{"href":"https:\/\/difrenos.com\/index.php\/wp-json\/wp\/v2\/product"}],"about":[{"href":"https:\/\/difrenos.com\/index.php\/wp-json\/wp\/v2\/types\/product"}],"wp:featuredmedia":[{"embeddable":true,"href":"https:\/\/difrenos.com\/index.php\/wp-json\/wp\/v2\/media\/13587"}],"wp:attachment":[{"href":"https:\/\/difrenos.com\/index.php\/wp-json\/wp\/v2\/media?parent=13584"}],"wp:term":[{"taxonomy":"product_cat","embeddable":true,"href":"https:\/\/difrenos.com\/index.php\/wp-json\/wp\/v2\/product_cat?post=13584"},{"taxonomy":"product_tag","embeddable":true,"href":"https:\/\/difrenos.com\/index.php\/wp-json\/wp\/v2\/product_tag?post=13584"}],"curies":[{"name":"wp","href":"https:\/\/api.w.org\/{rel}","templated":true}]}}