{"id":13582,"date":"2024-10-10T17:12:25","date_gmt":"2024-10-10T17:12:25","guid":{"rendered":"https:\/\/difrenos.com\/?post_type=product&#038;p=13582"},"modified":"2024-11-18T12:45:14","modified_gmt":"2024-11-18T12:45:14","slug":"freno-de-seguridad-ariete","status":"publish","type":"product","link":"https:\/\/difrenos.com\/index.php\/producto\/freno-de-seguridad-ariete\/","title":{"rendered":"FRENO DE SEGURIDAD ARIETE"},"content":{"rendered":"<ul class=\"fa-ul\">\n<li><strong>Bloquea la maneta de freno<\/strong><\/li>\n<li><i class=\"fa-li fa fa-check-square\"><\/i><strong>F\u00e1cil montaje<\/strong><\/li>\n<li><i class=\"fa-li fa fa-check-square\"><\/i><strong>Sirve como freno de parking en los veh\u00edculos desprovistos<\/strong><\/li>\n<li><i class=\"fa-li fa fa-check-square\"><\/i><strong>Aumenta la seguridad durante el transporte del veh\u00edculo<\/strong><\/li>\n<li><i class=\"fa-li fa fa-check-square\"><\/i><strong>Fabricado en goma natural y pol\u00edmero<\/strong><\/li>\n<\/ul>\n","protected":false},"excerpt":{"rendered":"<p>Bloquea la maneta de freno F\u00e1cil montaje Sirve como freno de parking en los veh\u00edculos desprovistos Aumenta la seguridad durante el transporte del veh\u00edculo Fabricado en goma natural y pol\u00edmero<\/p>\n","protected":false},"featured_media":13583,"template":"","meta":{"_et_pb_use_builder":"","_et_pb_old_content":"","_et_gb_content_width":""},"product_cat":[763,170],"product_tag":[],"_links":{"self":[{"href":"https:\/\/difrenos.com\/index.php\/wp-json\/wp\/v2\/product\/13582"}],"collection":[{"href":"https:\/\/difrenos.com\/index.php\/wp-json\/wp\/v2\/product"}],"about":[{"href":"https:\/\/difrenos.com\/index.php\/wp-json\/wp\/v2\/types\/product"}],"wp:featuredmedia":[{"embeddable":true,"href":"https:\/\/difrenos.com\/index.php\/wp-json\/wp\/v2\/media\/13583"}],"wp:attachment":[{"href":"https:\/\/difrenos.com\/index.php\/wp-json\/wp\/v2\/media?parent=13582"}],"wp:term":[{"taxonomy":"product_cat","embeddable":true,"href":"https:\/\/difrenos.com\/index.php\/wp-json\/wp\/v2\/product_cat?post=13582"},{"taxonomy":"product_tag","embeddable":true,"href":"https:\/\/difrenos.com\/index.php\/wp-json\/wp\/v2\/product_tag?post=13582"}],"curies":[{"name":"wp","href":"https:\/\/api.w.org\/{rel}","templated":true}]}}