{"id":13513,"date":"2024-10-10T08:14:38","date_gmt":"2024-10-10T08:14:38","guid":{"rendered":"https:\/\/difrenos.com\/?post_type=product&#038;p=13513"},"modified":"2026-03-20T13:35:13","modified_gmt":"2026-03-20T13:35:13","slug":"maneta-de-embrague-husqvarna-norden-901","status":"publish","type":"product","link":"https:\/\/difrenos.com\/index.php\/producto\/maneta-de-embrague-husqvarna-norden-901\/","title":{"rendered":"MANETA DE EMBRAGUE HUSQVARNA NORDEN 901"},"content":{"rendered":"<p>De aluminio de alta calidad, mecanizado<\/p>\n<p>Superficie anodizada de aspecto elegante<\/p>\n<p>Aspecto est\u00e9tico destacado con un valor a\u00f1adido en t\u00e9cnica y ergonom\u00eda<\/p>\n<p>Apertura ajustable<\/p>\n<p>Longitud de la maneta ajustable<\/p>\n<p>Se abaten en contacto con el suelo<\/p>\n<p>Impiden la rotura de las manetas<\/p>\n<p>Extremadamente ligero<\/p>\n","protected":false},"excerpt":{"rendered":"<p>De aluminio de alta calidad, mecanizado Superficie anodizada de aspecto elegante Aspecto est\u00e9tico destacado con un valor a\u00f1adido en t\u00e9cnica y ergonom\u00eda Apertura ajustable Longitud de la maneta ajustable Se abaten en contacto con el suelo Impiden la rotura de las manetas Extremadamente ligero<\/p>\n","protected":false},"featured_media":13514,"template":"","meta":{"_et_pb_use_builder":"","_et_pb_old_content":"","_et_gb_content_width":""},"product_cat":[806,170],"product_tag":[],"_links":{"self":[{"href":"https:\/\/difrenos.com\/index.php\/wp-json\/wp\/v2\/product\/13513"}],"collection":[{"href":"https:\/\/difrenos.com\/index.php\/wp-json\/wp\/v2\/product"}],"about":[{"href":"https:\/\/difrenos.com\/index.php\/wp-json\/wp\/v2\/types\/product"}],"wp:featuredmedia":[{"embeddable":true,"href":"https:\/\/difrenos.com\/index.php\/wp-json\/wp\/v2\/media\/13514"}],"wp:attachment":[{"href":"https:\/\/difrenos.com\/index.php\/wp-json\/wp\/v2\/media?parent=13513"}],"wp:term":[{"taxonomy":"product_cat","embeddable":true,"href":"https:\/\/difrenos.com\/index.php\/wp-json\/wp\/v2\/product_cat?post=13513"},{"taxonomy":"product_tag","embeddable":true,"href":"https:\/\/difrenos.com\/index.php\/wp-json\/wp\/v2\/product_tag?post=13513"}],"curies":[{"name":"wp","href":"https:\/\/api.w.org\/{rel}","templated":true}]}}