{"id":13371,"date":"2024-10-07T09:31:32","date_gmt":"2024-10-07T09:31:32","guid":{"rendered":"https:\/\/difrenos.com\/?post_type=product&#038;p=13371"},"modified":"2026-03-17T18:31:59","modified_gmt":"2026-03-17T18:31:59","slug":"tapon-del-deposito-del-liquido-de-frenos27013962000","status":"publish","type":"product","link":"https:\/\/difrenos.com\/index.php\/producto\/tapon-del-deposito-del-liquido-de-frenos27013962000\/","title":{"rendered":"TAP\u00d3N DEL DEP\u00d3SITO DEL L\u00cdQUIDO DE FRENOS(27013962000)"},"content":{"rendered":"<p>De aluminio de alta calidad, mecanizado<\/p>\n<p>Superficie anodizada de aspecto elegante<\/p>\n<p>Aspecto est\u00e9tico destacado<\/p>\n<p>HUSQVARNA 701 ENDURO\/SM<\/p>\n","protected":false},"excerpt":{"rendered":"<p>De aluminio de alta calidad, mecanizado Superficie anodizada de aspecto elegante Aspecto est\u00e9tico destacado HUSQVARNA 701 ENDURO\/SM<\/p>\n","protected":false},"featured_media":13372,"template":"","meta":{"_et_pb_use_builder":"","_et_pb_old_content":"","_et_gb_content_width":""},"product_cat":[763],"product_tag":[],"_links":{"self":[{"href":"https:\/\/difrenos.com\/index.php\/wp-json\/wp\/v2\/product\/13371"}],"collection":[{"href":"https:\/\/difrenos.com\/index.php\/wp-json\/wp\/v2\/product"}],"about":[{"href":"https:\/\/difrenos.com\/index.php\/wp-json\/wp\/v2\/types\/product"}],"wp:featuredmedia":[{"embeddable":true,"href":"https:\/\/difrenos.com\/index.php\/wp-json\/wp\/v2\/media\/13372"}],"wp:attachment":[{"href":"https:\/\/difrenos.com\/index.php\/wp-json\/wp\/v2\/media?parent=13371"}],"wp:term":[{"taxonomy":"product_cat","embeddable":true,"href":"https:\/\/difrenos.com\/index.php\/wp-json\/wp\/v2\/product_cat?post=13371"},{"taxonomy":"product_tag","embeddable":true,"href":"https:\/\/difrenos.com\/index.php\/wp-json\/wp\/v2\/product_tag?post=13371"}],"curies":[{"name":"wp","href":"https:\/\/api.w.org\/{rel}","templated":true}]}}