{"id":13352,"date":"2024-10-07T07:44:08","date_gmt":"2024-10-07T07:44:08","guid":{"rendered":"https:\/\/difrenos.com\/?post_type=product&#038;p=13352"},"modified":"2026-03-20T12:04:34","modified_gmt":"2026-03-20T12:04:34","slug":"sistema-de-amortiguacion-progresiva-del-manillar-phds","status":"publish","type":"product","link":"https:\/\/difrenos.com\/index.php\/producto\/sistema-de-amortiguacion-progresiva-del-manillar-phds\/","title":{"rendered":"Sistema de amortiguaci\u00f3n progresiva del manillar (PHDS) SXS07125200"},"content":{"rendered":"<p>Estos kits con torretas mecanizadas CNC vienen provistos con inserciones de goma absorbente que protegen las manos y las articulaciones del hombro.<br \/>\nOtras ventajas del PHDS:<br \/>\n&#8211; Amortiguaci\u00f3n de los golpes fuertes<br \/>\n&#8211; Absorci\u00f3n de las vibraciones molestas del chasis y motor<br \/>\n&#8211; Amortiguaci\u00f3n horizontal adicional del manillar- Control preciso del manillar &#8211; Ajuste en dos alturas<\/p>\n<p>&nbsp;<\/p>\n","protected":false},"excerpt":{"rendered":"<p>Estos kits con torretas mecanizadas CNC vienen provistos con inserciones de goma absorbente que protegen las manos y las articulaciones del hombro. Otras ventajas del PHDS: &#8211; Amortiguaci\u00f3n de los golpes fuertes &#8211; Absorci\u00f3n de las vibraciones molestas del chasis y motor &#8211; Amortiguaci\u00f3n horizontal adicional del manillar- Control preciso del manillar &#8211; Ajuste en [&hellip;]<\/p>\n","protected":false},"featured_media":13354,"template":"","meta":{"_et_pb_use_builder":"","_et_pb_old_content":"","_et_gb_content_width":""},"product_cat":[792],"product_tag":[],"_links":{"self":[{"href":"https:\/\/difrenos.com\/index.php\/wp-json\/wp\/v2\/product\/13352"}],"collection":[{"href":"https:\/\/difrenos.com\/index.php\/wp-json\/wp\/v2\/product"}],"about":[{"href":"https:\/\/difrenos.com\/index.php\/wp-json\/wp\/v2\/types\/product"}],"wp:featuredmedia":[{"embeddable":true,"href":"https:\/\/difrenos.com\/index.php\/wp-json\/wp\/v2\/media\/13354"}],"wp:attachment":[{"href":"https:\/\/difrenos.com\/index.php\/wp-json\/wp\/v2\/media?parent=13352"}],"wp:term":[{"taxonomy":"product_cat","embeddable":true,"href":"https:\/\/difrenos.com\/index.php\/wp-json\/wp\/v2\/product_cat?post=13352"},{"taxonomy":"product_tag","embeddable":true,"href":"https:\/\/difrenos.com\/index.php\/wp-json\/wp\/v2\/product_tag?post=13352"}],"curies":[{"name":"wp","href":"https:\/\/api.w.org\/{rel}","templated":true}]}}