{"id":13342,"date":"2024-10-07T07:02:27","date_gmt":"2024-10-07T07:02:27","guid":{"rendered":"https:\/\/difrenos.com\/?post_type=product&#038;p=13342"},"modified":"2026-03-23T13:21:51","modified_gmt":"2026-03-23T13:21:51","slug":"punos-para-barro-husqvarna","status":"publish","type":"product","link":"https:\/\/difrenos.com\/index.php\/producto\/punos-para-barro-husqvarna\/","title":{"rendered":"PU\u00d1OS PARA BARRO HUSQVARNA"},"content":{"rendered":"<p>Para un agarre seguro<\/p>\n<p>M\u00e1xima sujeci\u00f3n en el pu\u00f1o de goma incluso en condiciones de mucho barro<\/p>\n","protected":false},"excerpt":{"rendered":"<p>Para un agarre seguro M\u00e1xima sujeci\u00f3n en el pu\u00f1o de goma incluso en condiciones de mucho barro<\/p>\n","protected":false},"featured_media":13343,"template":"","meta":{"_et_pb_use_builder":"","_et_pb_old_content":"","_et_gb_content_width":""},"product_cat":[792],"product_tag":[],"_links":{"self":[{"href":"https:\/\/difrenos.com\/index.php\/wp-json\/wp\/v2\/product\/13342"}],"collection":[{"href":"https:\/\/difrenos.com\/index.php\/wp-json\/wp\/v2\/product"}],"about":[{"href":"https:\/\/difrenos.com\/index.php\/wp-json\/wp\/v2\/types\/product"}],"wp:featuredmedia":[{"embeddable":true,"href":"https:\/\/difrenos.com\/index.php\/wp-json\/wp\/v2\/media\/13343"}],"wp:attachment":[{"href":"https:\/\/difrenos.com\/index.php\/wp-json\/wp\/v2\/media?parent=13342"}],"wp:term":[{"taxonomy":"product_cat","embeddable":true,"href":"https:\/\/difrenos.com\/index.php\/wp-json\/wp\/v2\/product_cat?post=13342"},{"taxonomy":"product_tag","embeddable":true,"href":"https:\/\/difrenos.com\/index.php\/wp-json\/wp\/v2\/product_tag?post=13342"}],"curies":[{"name":"wp","href":"https:\/\/api.w.org\/{rel}","templated":true}]}}