{"id":13340,"date":"2024-10-07T06:56:40","date_gmt":"2024-10-07T06:56:40","guid":{"rendered":"https:\/\/difrenos.com\/?post_type=product&#038;p=13340"},"modified":"2026-03-11T11:53:34","modified_gmt":"2026-03-11T11:53:34","slug":"juego-de-espumas-para-punos","status":"publish","type":"product","link":"https:\/\/difrenos.com\/index.php\/producto\/juego-de-espumas-para-punos\/","title":{"rendered":"JUEGO DE ESPUMAS PARA PU\u00d1OS"},"content":{"rendered":"<p>Anillo de neopreno con revestimiento<\/p>\n<p>Basta con tirar de los pu\u00f1os<\/p>\n<p>Protecci\u00f3n \u00f3ptima contra la formaci\u00f3n de ampollas en los pulgares gracias al anillo de neopreno con revestimiento<\/p>\n","protected":false},"excerpt":{"rendered":"<p>Anillo de neopreno con revestimiento Basta con tirar de los pu\u00f1os Protecci\u00f3n \u00f3ptima contra la formaci\u00f3n de ampollas en los pulgares gracias al anillo de neopreno con revestimiento<\/p>\n","protected":false},"featured_media":13341,"template":"","meta":{"_et_pb_use_builder":"","_et_pb_old_content":"","_et_gb_content_width":""},"product_cat":[792],"product_tag":[],"_links":{"self":[{"href":"https:\/\/difrenos.com\/index.php\/wp-json\/wp\/v2\/product\/13340"}],"collection":[{"href":"https:\/\/difrenos.com\/index.php\/wp-json\/wp\/v2\/product"}],"about":[{"href":"https:\/\/difrenos.com\/index.php\/wp-json\/wp\/v2\/types\/product"}],"wp:featuredmedia":[{"embeddable":true,"href":"https:\/\/difrenos.com\/index.php\/wp-json\/wp\/v2\/media\/13341"}],"wp:attachment":[{"href":"https:\/\/difrenos.com\/index.php\/wp-json\/wp\/v2\/media?parent=13340"}],"wp:term":[{"taxonomy":"product_cat","embeddable":true,"href":"https:\/\/difrenos.com\/index.php\/wp-json\/wp\/v2\/product_cat?post=13340"},{"taxonomy":"product_tag","embeddable":true,"href":"https:\/\/difrenos.com\/index.php\/wp-json\/wp\/v2\/product_tag?post=13340"}],"curies":[{"name":"wp","href":"https:\/\/api.w.org\/{rel}","templated":true}]}}