{"id":13336,"date":"2024-10-07T06:51:51","date_gmt":"2024-10-07T06:51:51","guid":{"rendered":"https:\/\/difrenos.com\/?post_type=product&#038;p=13336"},"modified":"2026-03-12T10:15:38","modified_gmt":"2026-03-12T10:15:38","slug":"kit-de-cubierta-de-proteccion-para-el-rodamiento-de-rueda-2","status":"publish","type":"product","link":"https:\/\/difrenos.com\/index.php\/producto\/kit-de-cubierta-de-proteccion-para-el-rodamiento-de-rueda-2\/","title":{"rendered":"KIT DE CUBIERTA DE PROTECCI\u00d3N PARA EL RODAMIENTO DE RUEDA"},"content":{"rendered":"<p>Protecci\u00f3n \u00f3ptima frente a la entrada de barro, arena y agua en el rodamiento de rueda<\/p>\n<p>Reduce el desgaste de los anillos de hermetizado y del rodamiento de rueda para una vida \u00fatil m\u00e1s larga<\/p>\n<p>HUSQVARNA TE 300 \u00b416-\u00b423<\/p>\n","protected":false},"excerpt":{"rendered":"<p>Protecci\u00f3n \u00f3ptima frente a la entrada de barro, arena y agua en el rodamiento de rueda Reduce el desgaste de los anillos de hermetizado y del rodamiento de rueda para una vida \u00fatil m\u00e1s larga HUSQVARNA TE 300 \u00b416-\u00b423<\/p>\n","protected":false},"featured_media":13337,"template":"","meta":{"_et_pb_use_builder":"","_et_pb_old_content":"","_et_gb_content_width":""},"product_cat":[519],"product_tag":[],"_links":{"self":[{"href":"https:\/\/difrenos.com\/index.php\/wp-json\/wp\/v2\/product\/13336"}],"collection":[{"href":"https:\/\/difrenos.com\/index.php\/wp-json\/wp\/v2\/product"}],"about":[{"href":"https:\/\/difrenos.com\/index.php\/wp-json\/wp\/v2\/types\/product"}],"wp:featuredmedia":[{"embeddable":true,"href":"https:\/\/difrenos.com\/index.php\/wp-json\/wp\/v2\/media\/13337"}],"wp:attachment":[{"href":"https:\/\/difrenos.com\/index.php\/wp-json\/wp\/v2\/media?parent=13336"}],"wp:term":[{"taxonomy":"product_cat","embeddable":true,"href":"https:\/\/difrenos.com\/index.php\/wp-json\/wp\/v2\/product_cat?post=13336"},{"taxonomy":"product_tag","embeddable":true,"href":"https:\/\/difrenos.com\/index.php\/wp-json\/wp\/v2\/product_tag?post=13336"}],"curies":[{"name":"wp","href":"https:\/\/api.w.org\/{rel}","templated":true}]}}