{"id":13330,"date":"2024-10-07T06:36:28","date_gmt":"2024-10-07T06:36:28","guid":{"rendered":"https:\/\/difrenos.com\/?post_type=product&#038;p=13330"},"modified":"2026-03-12T13:19:50","modified_gmt":"2026-03-12T13:19:50","slug":"topes-de-manillar-husqvarna","status":"publish","type":"product","link":"https:\/\/difrenos.com\/index.php\/producto\/topes-de-manillar-husqvarna\/","title":{"rendered":"TOPES DE MANILLAR HUSQVARNA"},"content":{"rendered":"<p>De aluminio de alta calidad, mecanizado<\/p>\n<p>Superficie anodizada de aspecto elegante<\/p>\n<p>Aspecto est\u00e9tico destacado<\/p>\n<p>Evitan que se levanten los pu\u00f1os de goma en caso de ca\u00edda<\/p>\n<p>HUSQVARNA VITPILEN\/SVARTILEN 125\/401\/701\/801<\/p>\n<p>SKUTTA &#8211; E &#8211; SCOOTER<\/p>\n","protected":false},"excerpt":{"rendered":"<p>De aluminio de alta calidad, mecanizado Superficie anodizada de aspecto elegante Aspecto est\u00e9tico destacado Evitan que se levanten los pu\u00f1os de goma en caso de ca\u00edda HUSQVARNA VITPILEN\/SVARTILEN 125\/401\/701\/801 SKUTTA &#8211; E &#8211; SCOOTER<\/p>\n","protected":false},"featured_media":13331,"template":"","meta":{"_et_pb_use_builder":"","_et_pb_old_content":"","_et_gb_content_width":""},"product_cat":[792],"product_tag":[],"_links":{"self":[{"href":"https:\/\/difrenos.com\/index.php\/wp-json\/wp\/v2\/product\/13330"}],"collection":[{"href":"https:\/\/difrenos.com\/index.php\/wp-json\/wp\/v2\/product"}],"about":[{"href":"https:\/\/difrenos.com\/index.php\/wp-json\/wp\/v2\/types\/product"}],"wp:featuredmedia":[{"embeddable":true,"href":"https:\/\/difrenos.com\/index.php\/wp-json\/wp\/v2\/media\/13331"}],"wp:attachment":[{"href":"https:\/\/difrenos.com\/index.php\/wp-json\/wp\/v2\/media?parent=13330"}],"wp:term":[{"taxonomy":"product_cat","embeddable":true,"href":"https:\/\/difrenos.com\/index.php\/wp-json\/wp\/v2\/product_cat?post=13330"},{"taxonomy":"product_tag","embeddable":true,"href":"https:\/\/difrenos.com\/index.php\/wp-json\/wp\/v2\/product_tag?post=13330"}],"curies":[{"name":"wp","href":"https:\/\/api.w.org\/{rel}","templated":true}]}}