{"id":13309,"date":"2024-10-04T13:57:18","date_gmt":"2024-10-04T13:57:18","guid":{"rendered":"https:\/\/difrenos.com\/?post_type=product&#038;p=13309"},"modified":"2026-04-13T10:17:32","modified_gmt":"2026-04-13T10:17:32","slug":"sotoguantes-calefactables-vquatro","status":"publish","type":"product","link":"https:\/\/difrenos.com\/index.php\/producto\/sotoguantes-calefactables-vquatro\/","title":{"rendered":"Sotoguantes V-Quattro Calefactables"},"content":{"rendered":"<p>Soto guante Calefactables Vquattro Ices 18 + Bater\u00eda.<br \/>\nAdecuado para hombre y para mujer.<br \/>\nFabricado en textil.<br \/>\nhiperel\u00e1sticos.<br \/>\nTecnolog\u00eda t\u00e9rmica Vquattro.<br \/>\n3 niveles de calefacci\u00f3n.<br \/>\nCalor distribuido por dedos y dorso de la mano.<br \/>\nIncluye 2 baterias calefactables de Lithium-ion y cargador.<br \/>\n7.4 V Voltaje de la bater\u00eda.<br \/>\nCon funci\u00f3n t\u00e1ctil en el dedo \u00edndice (phone touch).<\/p>\n","protected":false},"excerpt":{"rendered":"<p>Talla M.<\/p>\n","protected":false},"featured_media":13310,"template":"","meta":{"_et_pb_use_builder":"","_et_pb_old_content":"","_et_gb_content_width":""},"product_cat":[33,230,100],"product_tag":[41,667],"_links":{"self":[{"href":"https:\/\/difrenos.com\/index.php\/wp-json\/wp\/v2\/product\/13309"}],"collection":[{"href":"https:\/\/difrenos.com\/index.php\/wp-json\/wp\/v2\/product"}],"about":[{"href":"https:\/\/difrenos.com\/index.php\/wp-json\/wp\/v2\/types\/product"}],"wp:featuredmedia":[{"embeddable":true,"href":"https:\/\/difrenos.com\/index.php\/wp-json\/wp\/v2\/media\/13310"}],"wp:attachment":[{"href":"https:\/\/difrenos.com\/index.php\/wp-json\/wp\/v2\/media?parent=13309"}],"wp:term":[{"taxonomy":"product_cat","embeddable":true,"href":"https:\/\/difrenos.com\/index.php\/wp-json\/wp\/v2\/product_cat?post=13309"},{"taxonomy":"product_tag","embeddable":true,"href":"https:\/\/difrenos.com\/index.php\/wp-json\/wp\/v2\/product_tag?post=13309"}],"curies":[{"name":"wp","href":"https:\/\/api.w.org\/{rel}","templated":true}]}}