{"id":13288,"date":"2024-10-04T12:00:52","date_gmt":"2024-10-04T12:00:52","guid":{"rendered":"https:\/\/difrenos.com\/?post_type=product&#038;p=13288"},"modified":"2026-04-24T10:28:34","modified_gmt":"2026-04-24T10:28:34","slug":"sudadera-casual-trrs-oficial-trs-motorcycles","status":"publish","type":"product","link":"https:\/\/difrenos.com\/index.php\/producto\/sudadera-casual-trrs-oficial-trs-motorcycles\/","title":{"rendered":"Sudadera TRRS casual"},"content":{"rendered":"<p><strong>La<\/strong>\u00a0<strong>sudadera casual TRRS oficial TRS Motorcycles forma parte de la colecci\u00f3n 2023-24 de la marca y <\/strong>est\u00e1 fabricada en material de alta calidad. Usada por el equipo oficial TRS en competici\u00f3n.<\/p>\n<p>Sudadera 100% algod\u00f3n<\/p>\n","protected":false},"excerpt":{"rendered":"<p>La\u00a0sudadera casual TRRS oficial TRS Motorcycles forma parte de la colecci\u00f3n 2023-24 de la marca y est\u00e1 fabricada en material de alta calidad. Usada por el equipo oficial TRS en competici\u00f3n. Sudadera 100% algod\u00f3n<\/p>\n","protected":false},"featured_media":13291,"template":"","meta":{"_et_pb_use_builder":"","_et_pb_old_content":"","_et_gb_content_width":""},"product_cat":[33,186,207],"product_tag":[48],"_links":{"self":[{"href":"https:\/\/difrenos.com\/index.php\/wp-json\/wp\/v2\/product\/13288"}],"collection":[{"href":"https:\/\/difrenos.com\/index.php\/wp-json\/wp\/v2\/product"}],"about":[{"href":"https:\/\/difrenos.com\/index.php\/wp-json\/wp\/v2\/types\/product"}],"wp:featuredmedia":[{"embeddable":true,"href":"https:\/\/difrenos.com\/index.php\/wp-json\/wp\/v2\/media\/13291"}],"wp:attachment":[{"href":"https:\/\/difrenos.com\/index.php\/wp-json\/wp\/v2\/media?parent=13288"}],"wp:term":[{"taxonomy":"product_cat","embeddable":true,"href":"https:\/\/difrenos.com\/index.php\/wp-json\/wp\/v2\/product_cat?post=13288"},{"taxonomy":"product_tag","embeddable":true,"href":"https:\/\/difrenos.com\/index.php\/wp-json\/wp\/v2\/product_tag?post=13288"}],"curies":[{"name":"wp","href":"https:\/\/api.w.org\/{rel}","templated":true}]}}