{"id":13252,"date":"2024-10-04T08:26:05","date_gmt":"2024-10-04T08:26:05","guid":{"rendered":"https:\/\/difrenos.com\/?post_type=product&#038;p=13252"},"modified":"2026-03-17T18:33:01","modified_gmt":"2026-03-17T18:33:01","slug":"punos-calefactables-husqvarna-701-svartpilen-vitpilen-701-gas-gas-700-es-sm","status":"publish","type":"product","link":"https:\/\/difrenos.com\/index.php\/producto\/punos-calefactables-husqvarna-701-svartpilen-vitpilen-701-gas-gas-700-es-sm\/","title":{"rendered":"PU\u00d1OS CALEFACTABLES HUSQVARNA 701 &#8211; SVARTPILEN\/VITPILEN 701 \/GAS GAS 700 ES\/SM"},"content":{"rendered":"<p>Manos calientes, independientemente del tiempo<\/p>\n<p>Temperatura del pu\u00f1o ajustable en 4\u00a0niveles<\/p>\n<p>Gran absorci\u00f3n de vibraciones<\/p>\n<p>Pu\u00f1o m\u00e1s seguro y c\u00f3modo<\/p>\n<p>Resistencia al desgaste y durabilidad m\u00e1ximas<\/p>\n<p>Botones sobresalientes para su uso con guantes en las manos<\/p>\n<p>Interruptor estanco<\/p>\n","protected":false},"excerpt":{"rendered":"<p>Manos calientes, independientemente del tiempo Temperatura del pu\u00f1o ajustable en 4\u00a0niveles Gran absorci\u00f3n de vibraciones Pu\u00f1o m\u00e1s seguro y c\u00f3modo Resistencia al desgaste y durabilidad m\u00e1ximas Botones sobresalientes para su uso con guantes en las manos Interruptor estanco<\/p>\n","protected":false},"featured_media":13253,"template":"","meta":{"_et_pb_use_builder":"","_et_pb_old_content":"","_et_gb_content_width":""},"product_cat":[792],"product_tag":[],"_links":{"self":[{"href":"https:\/\/difrenos.com\/index.php\/wp-json\/wp\/v2\/product\/13252"}],"collection":[{"href":"https:\/\/difrenos.com\/index.php\/wp-json\/wp\/v2\/product"}],"about":[{"href":"https:\/\/difrenos.com\/index.php\/wp-json\/wp\/v2\/types\/product"}],"wp:featuredmedia":[{"embeddable":true,"href":"https:\/\/difrenos.com\/index.php\/wp-json\/wp\/v2\/media\/13253"}],"wp:attachment":[{"href":"https:\/\/difrenos.com\/index.php\/wp-json\/wp\/v2\/media?parent=13252"}],"wp:term":[{"taxonomy":"product_cat","embeddable":true,"href":"https:\/\/difrenos.com\/index.php\/wp-json\/wp\/v2\/product_cat?post=13252"},{"taxonomy":"product_tag","embeddable":true,"href":"https:\/\/difrenos.com\/index.php\/wp-json\/wp\/v2\/product_tag?post=13252"}],"curies":[{"name":"wp","href":"https:\/\/api.w.org\/{rel}","templated":true}]}}