{"id":13194,"date":"2024-10-03T10:36:05","date_gmt":"2024-10-03T10:36:05","guid":{"rendered":"https:\/\/difrenos.com\/?post_type=product&#038;p=13194"},"modified":"2025-06-19T11:14:53","modified_gmt":"2025-06-19T11:14:53","slug":"mochila-de-hidratacion-husqvarna-back-pack","status":"publish","type":"product","link":"https:\/\/difrenos.com\/index.php\/producto\/mochila-de-hidratacion-husqvarna-back-pack\/","title":{"rendered":"MOCHILA DE HIDRATACI\u00d3N HUSQVARNA BACKPACK"},"content":{"rendered":"<p id=\"product_reference\"><label>Referencia :<\/label>\u00a0<span class=\"editable\">3HS240036300<\/span><\/p>\n<div id=\"short_description_block\">\n<div class=\"comments_note\">\n<div class=\"star_content clearfix\">\n<h3>MOCHILA DE HIDRATACI\u00d3N HUSQVARNA<\/h3>\n<p><b>CARACTERISTICAS:<\/b><\/p>\n<ul>\n<li>Capa fresca de tela aislante que mantiene el l\u00edquido fr\u00edo durante un 30 % m\u00e1s de tiempo<\/li>\n<li>Incluye una bolsa de 2 litro<\/li>\n<li>Bolsillo frontal expansible para guardar el casco o accesorios grandes<\/li>\n<\/ul>\n<p><b>MATERIAL:<\/b><\/p>\n<ul>\n<li>100% Poli\u00e9ster<\/li>\n<\/ul>\n<p><b>CONTORNO DE LA CABEZA:<\/b><\/p>\n<ul>\n<li>23<\/li>\n<\/ul>\n<p><b>CONTORNO DE LA CABEZA:<\/b><\/p>\n<ul>\n<li>18<\/li>\n<\/ul>\n<\/div>\n<\/div>\n<\/div>\n","protected":false},"excerpt":{"rendered":"<p>Referencia :\u00a03HS240036300 MOCHILA DE HIDRATACI\u00d3N HUSQVARNA CARACTERISTICAS: Capa fresca de tela aislante que mantiene el l\u00edquido fr\u00edo durante un 30 % m\u00e1s de tiempo Incluye una bolsa de 2 litro Bolsillo frontal expansible para guardar el casco o accesorios grandes MATERIAL: 100% Poli\u00e9ster CONTORNO DE LA CABEZA: 23 CONTORNO DE LA CABEZA: 18<\/p>\n","protected":false},"featured_media":13195,"template":"","meta":{"_et_pb_use_builder":"","_et_pb_old_content":"","_et_gb_content_width":""},"product_cat":[706,33,701],"product_tag":[],"_links":{"self":[{"href":"https:\/\/difrenos.com\/index.php\/wp-json\/wp\/v2\/product\/13194"}],"collection":[{"href":"https:\/\/difrenos.com\/index.php\/wp-json\/wp\/v2\/product"}],"about":[{"href":"https:\/\/difrenos.com\/index.php\/wp-json\/wp\/v2\/types\/product"}],"wp:featuredmedia":[{"embeddable":true,"href":"https:\/\/difrenos.com\/index.php\/wp-json\/wp\/v2\/media\/13195"}],"wp:attachment":[{"href":"https:\/\/difrenos.com\/index.php\/wp-json\/wp\/v2\/media?parent=13194"}],"wp:term":[{"taxonomy":"product_cat","embeddable":true,"href":"https:\/\/difrenos.com\/index.php\/wp-json\/wp\/v2\/product_cat?post=13194"},{"taxonomy":"product_tag","embeddable":true,"href":"https:\/\/difrenos.com\/index.php\/wp-json\/wp\/v2\/product_tag?post=13194"}],"curies":[{"name":"wp","href":"https:\/\/api.w.org\/{rel}","templated":true}]}}