{"id":13141,"date":"2024-10-02T09:40:20","date_gmt":"2024-10-02T09:40:20","guid":{"rendered":"https:\/\/difrenos.com\/?post_type=product&#038;p=13141"},"modified":"2026-02-23T13:57:04","modified_gmt":"2026-02-23T13:57:04","slug":"pantalon-moto-cross-thor-youth-pulse-aktiv-orange-bleu-marine-talla-28","status":"publish","type":"product","link":"https:\/\/difrenos.com\/index.php\/producto\/pantalon-moto-cross-thor-youth-pulse-aktiv-orange-bleu-marine-talla-28\/","title":{"rendered":"Pantal\u00f3n Thor Pulse Junior"},"content":{"rendered":"<pre id=\"tw-target-text\" class=\"tw-data-text tw-text-large tw-ta\" dir=\"ltr\" data-placeholder=\"Traducci\u00f3n\" data-ved=\"2ahUKEwiF7_P7su-IAxXAXUEAHaUiDVMQ3ewLegQIBxAU\" aria-label=\"Texto traducido: Pantal\u00f3n Moto Cross Enduro Enfant Thor Youth Pulse Aktiv Orange Bleu marine. T\u00e9cnica de ficha: Pantal\u00f3n de tejido t\u00e9cnico para una evacuaci\u00f3n r\u00e1pida de la humedad. Coupe pr\u00e9-faite tr\u00e8s confortable Doble en malla c\u00f3moda. La costura est\u00e1 reforzada para una excelente durabilidad. Presencia de muchos ajustes en el nivel de la cintura para adaptar el pantal\u00f3n a su morfolog\u00eda Des renforts en mat\u00e9riau durable et des panneaux en cuir prot\u00e8gent les genux de l'abrasion et de la chaleur des \u00e9chappements Presencia de bolsas internas para activar los protectores de manos Protecciones de hanche incluye\"><span class=\"Y2IQFc\" lang=\"es\">Referencia: 29031440 Talla 28\r\nPantal\u00f3n Moto Cross Enduro Enfant Thor Youth Pulse Aktiv Orange Bleu marine.\r\n\r\nT\u00e9cnica de ficha:\r\n\r\nPantal\u00f3n de tejido t\u00e9cnico para una evacuaci\u00f3n r\u00e1pida de la humedad.\r\nCoupe pr\u00e9-faite tr\u00e8s confortable\r\nDoble en malla c\u00f3moda.\r\nLa costura est\u00e1 reforzada para una excelente durabilidad.\r\nPresencia de muchos ajustes en el nivel de la cintura para adaptar el pantal\u00f3n a su morfolog\u00eda\r\nProtecciones de cadera.<\/span><\/pre>\n","protected":false},"excerpt":{"rendered":"<p>Talla 28\/XL<\/p>\n","protected":false},"featured_media":13142,"template":"","meta":{"_et_pb_use_builder":"","_et_pb_old_content":"","_et_gb_content_width":""},"product_cat":[33,116,532,150],"product_tag":[117,407,810],"_links":{"self":[{"href":"https:\/\/difrenos.com\/index.php\/wp-json\/wp\/v2\/product\/13141"}],"collection":[{"href":"https:\/\/difrenos.com\/index.php\/wp-json\/wp\/v2\/product"}],"about":[{"href":"https:\/\/difrenos.com\/index.php\/wp-json\/wp\/v2\/types\/product"}],"wp:featuredmedia":[{"embeddable":true,"href":"https:\/\/difrenos.com\/index.php\/wp-json\/wp\/v2\/media\/13142"}],"wp:attachment":[{"href":"https:\/\/difrenos.com\/index.php\/wp-json\/wp\/v2\/media?parent=13141"}],"wp:term":[{"taxonomy":"product_cat","embeddable":true,"href":"https:\/\/difrenos.com\/index.php\/wp-json\/wp\/v2\/product_cat?post=13141"},{"taxonomy":"product_tag","embeddable":true,"href":"https:\/\/difrenos.com\/index.php\/wp-json\/wp\/v2\/product_tag?post=13141"}],"curies":[{"name":"wp","href":"https:\/\/api.w.org\/{rel}","templated":true}]}}