{"id":13092,"date":"2024-10-01T13:08:04","date_gmt":"2024-10-01T13:08:04","guid":{"rendered":"https:\/\/difrenos.com\/?post_type=product&#038;p=13092"},"modified":"2026-02-16T12:06:40","modified_gmt":"2026-02-16T12:06:40","slug":"conjunto-pantalon-y-camiseta-leatt-mini-3-5","status":"publish","type":"product","link":"https:\/\/difrenos.com\/index.php\/producto\/conjunto-pantalon-y-camiseta-leatt-mini-3-5\/","title":{"rendered":"Conjunto Pantal\u00f3n y Camiseta Leatt mini 3.5"},"content":{"rendered":"<div id=\"prod-desc-body\" class=\"description-content\" data-v-c097aea0=\"\">\n<p>Referencia: LB5022040470 Talla XXS<\/p>\n<p><strong>Equipaci\u00f3n Completa Leatt Kit 3.5 Royal.<\/strong>\u00a0Conjunto de equipaci\u00f3n motocross formado por la camiseta y pantal\u00f3n 3.5 de Leatt. Camiseta confeccionada en tejido transpirable MoisureCool 3D con paneles laterales ventilados X-Flow de corte el\u00e1stico que proporciona un gran confort y libertad de movimientos y el pantal\u00f3n confeccionado en poli\u00e9ster ligero y transpirable con inserciones el\u00e1sticas y paneles en malla ventilada X-Flow.<\/p>\n<p><strong>Camiseta Leatt 3.5<\/strong><\/p>\n<p><strong>Caracter\u00edsticas principales<\/strong><\/p>\n<ul>\n<li type=\"\">Fabricada en tejido MoistureCool 3D con canales de aire, un material altamente transpirable, antibacteriano y agradable al tacto.<\/li>\n<li type=\"\">Paneles de malla ventilada X-Flow en los laterales para m\u00e1xima ventilaci\u00f3n.<\/li>\n<li type=\"\">Costuras OverLock para m\u00e1ximo confort y durabilidad.<\/li>\n<li type=\"\">Cuello el\u00e1stico dise\u00f1ado para usuarios de collar\u00edn.<\/li>\n<li type=\"\">Corte el\u00e1stico y ergon\u00f3mico que proporciona un gran confort a usuarios con o sin protecciones.<\/li>\n<li type=\"\">Pu\u00f1o muy suave y el\u00e1stico.<\/li>\n<li type=\"\">Inserci\u00f3n de silicona en la parte trasera para evitar que la camiseta se salga del pantal\u00f3n.<\/li>\n<\/ul>\n<p><strong>Pantal\u00f3n Leat 3.5<\/strong><\/p>\n<p><strong>Caracter\u00edsticas principales pantal\u00f3n:<\/strong><\/p>\n<ul>\n<li type=\"\">Confeccionado en poli\u00e9ster transpirable con inserciones el\u00e1sticas Ripstop y paneles de malla ventilada X-Flow.<\/li>\n<li type=\"\">Piernas pre-curvadas para un ajuste perfecto en posici\u00f3n de conducci\u00f3n.<\/li>\n<li type=\"\">Zona de las rodillas laminado para mayor resistencia a la abrasi\u00f3n.<\/li>\n<li type=\"\">Zona del asiento reforzada en nylon 600D muy duradero y resistente a la abrasi\u00f3n.<\/li>\n<li type=\"\">Zona del interior de las piernas en cuero para mayor grip y durabilidad.<\/li>\n<li type=\"\">Cremallera frontal YKK con cierre ajustable microm\u00e9trico.<\/li>\n<li type=\"\">Costuras reforzadas.<\/li>\n<li type=\"\">Inserci\u00f3n de silicona en interior de la cintura para mantener el pantal\u00f3n y la camiseta en su posici\u00f3n.<\/li>\n<\/ul>\n<\/div>\n<p>&nbsp;<\/p>\n","protected":false},"excerpt":{"rendered":"<p>Talla XXS<\/p>\n","protected":false},"featured_media":13096,"template":"","meta":{"_et_pb_use_builder":"","_et_pb_old_content":"","_et_gb_content_width":""},"product_cat":[33,224,116,504,532,150],"product_tag":[681,117,666],"_links":{"self":[{"href":"https:\/\/difrenos.com\/index.php\/wp-json\/wp\/v2\/product\/13092"}],"collection":[{"href":"https:\/\/difrenos.com\/index.php\/wp-json\/wp\/v2\/product"}],"about":[{"href":"https:\/\/difrenos.com\/index.php\/wp-json\/wp\/v2\/types\/product"}],"wp:featuredmedia":[{"embeddable":true,"href":"https:\/\/difrenos.com\/index.php\/wp-json\/wp\/v2\/media\/13096"}],"wp:attachment":[{"href":"https:\/\/difrenos.com\/index.php\/wp-json\/wp\/v2\/media?parent=13092"}],"wp:term":[{"taxonomy":"product_cat","embeddable":true,"href":"https:\/\/difrenos.com\/index.php\/wp-json\/wp\/v2\/product_cat?post=13092"},{"taxonomy":"product_tag","embeddable":true,"href":"https:\/\/difrenos.com\/index.php\/wp-json\/wp\/v2\/product_tag?post=13092"}],"curies":[{"name":"wp","href":"https:\/\/api.w.org\/{rel}","templated":true}]}}