{"id":13024,"date":"2024-09-26T16:57:11","date_gmt":"2024-09-26T16:57:11","guid":{"rendered":"https:\/\/difrenos.com\/?post_type=product&#038;p=13024"},"modified":"2024-11-18T10:14:31","modified_gmt":"2024-11-18T10:14:31","slug":"cargador-baterias-magneti-marelli","status":"publish","type":"product","link":"https:\/\/difrenos.com\/index.php\/producto\/cargador-baterias-magneti-marelli\/","title":{"rendered":"CARGADOR BATERIAS MAGNETI MARELLI"},"content":{"rendered":"<pre class=\"tw-data-text tw-text-large tw-ta\" dir=\"ltr\" data-placeholder=\"Traducci\u00f3n\" data-ved=\"2ahUKEwjkw8zAieGIAxXQXfEDHcXtH-EQ3ewLegQIBBAU\" aria-label=\"Texto traducido: Descripci\u00f3n Este cargador de bater\u00edas para moto MAGNETI MARELLI carga y mantiene la carga de cualquier tipo de bater\u00eda de plomo-\u00e1cido (gel l\u00edquido, MF, VRLA, AGM). El cargador Magneti Marelli puede funcionar en condiciones extremas, cargando la bater\u00eda bajo la lluvia. Presupuesto: - Salida: 12V 1Amp - Requisitos de alimentaci\u00f3n: de 100V a 240V AC 50\/60Hz, 1 Amperio. - Cable de 1,9 m de longitud incluido. - Fusibles r\u00e1pidos de dos hilos, terminales de aro y conexi\u00f3n de cocodrilo disponibles. - Protegido de polaridad inversa con disyuntor. - Completamente resistente al agua. - Ideal para todo tipo de veh\u00edculos: coches, motos, barcos, caravanas, veh\u00edculos todo terreno, motos acu\u00e1ticas, veh\u00edculos agr\u00edcolas, motos de nieve (todos hasta 12V). - Cumple con todas las normas de seguridad internacionales GS\/CE. - Tres LEDs para comprobar el correcto funcionamiento del producto. - Carga y mantiene eficientemente todo tipo de bater\u00edas: MF, AGM, SLA, VRLA y tradicionales. Incluye: - Cargador de bater\u00edas. - Conexi\u00f3n a toma de 220V. - Cables de conexi\u00f3n con arandelas (longitud 60 cm). - Cables con abrazaderas (longitud 60 cm). - Manual de instrucciones. Ocultar descripci\u00f3n\"><span class=\"Y2IQFc\" lang=\"es\">Descripci\u00f3n\r\nEste cargador de bater\u00edas para moto MAGNETI MARELLI carga y mantiene la carga de cualquier tipo de bater\u00eda de plomo-\u00e1cido (gel l\u00edquido, MF, VRLA, AGM).<\/span><\/pre>\n<pre class=\"tw-data-text tw-text-large tw-ta\" dir=\"ltr\" data-placeholder=\"Traducci\u00f3n\" data-ved=\"2ahUKEwjkw8zAieGIAxXQXfEDHcXtH-EQ3ewLegQIBBAU\" aria-label=\"Texto traducido: Descripci\u00f3n Este cargador de bater\u00edas para moto MAGNETI MARELLI carga y mantiene la carga de cualquier tipo de bater\u00eda de plomo-\u00e1cido (gel l\u00edquido, MF, VRLA, AGM). El cargador Magneti Marelli puede funcionar en condiciones extremas, cargando la bater\u00eda bajo la lluvia. Presupuesto: - Salida: 12V 1Amp - Requisitos de alimentaci\u00f3n: de 100V a 240V AC 50\/60Hz, 1 Amperio. - Cable de 1,9 m de longitud incluido. - Fusibles r\u00e1pidos de dos hilos, terminales de aro y conexi\u00f3n de cocodrilo disponibles. - Protegido de polaridad inversa con disyuntor. - Completamente resistente al agua. - Ideal para todo tipo de veh\u00edculos: coches, motos, barcos, caravanas, veh\u00edculos todo terreno, motos acu\u00e1ticas, veh\u00edculos agr\u00edcolas, motos de nieve (todos hasta 12V). - Cumple con todas las normas de seguridad internacionales GS\/CE. - Tres LEDs para comprobar el correcto funcionamiento del producto. - Carga y mantiene eficientemente todo tipo de bater\u00edas: MF, AGM, SLA, VRLA y tradicionales. Incluye: - Cargador de bater\u00edas. - Conexi\u00f3n a toma de 220V. - Cables de conexi\u00f3n con arandelas (longitud 60 cm). - Cables con abrazaderas (longitud 60 cm). - Manual de instrucciones. Ocultar descripci\u00f3n\"><span class=\"Y2IQFc\" lang=\"es\">El cargador Magneti Marelli puede funcionar en condiciones extremas, cargando la bater\u00eda bajo la lluvia.\r\n\r\n- Salida: 12V 1Amp\r\n- Requisitos de alimentaci\u00f3n: de 100V a 240V AC 50\/60Hz, 1 Amperio.\r\n- Cable de 1,9 m de longitud incluido.\r\n- Fusibles r\u00e1pidos de dos hilos, terminales de aro y conexi\u00f3n de cocodrilo disponibles.\r\n- Protegido de polaridad inversa con disyuntor.\r\n- Completamente resistente al agua.\r\n- Ideal para todo tipo de veh\u00edculos: coches, motos, barcos, caravanas, veh\u00edculos todo terreno, motos acu\u00e1ticas, veh\u00edculos agr\u00edcolas, motos de nieve (todos hasta 12V).\r\n- Cumple con todas las normas de seguridad internacionales GS\/CE.\r\n<\/span><\/pre>\n<pre id=\"tw-target-text\" class=\"tw-data-text tw-text-large tw-ta\" dir=\"ltr\" data-placeholder=\"Traducci\u00f3n\" data-ved=\"2ahUKEwjkw8zAieGIAxXQXfEDHcXtH-EQ3ewLegQIBBAU\" aria-label=\"Texto traducido: Descripci\u00f3n Este cargador de bater\u00edas para moto MAGNETI MARELLI carga y mantiene la carga de cualquier tipo de bater\u00eda de plomo-\u00e1cido (gel l\u00edquido, MF, VRLA, AGM). El cargador Magneti Marelli puede funcionar en condiciones extremas, cargando la bater\u00eda bajo la lluvia. Presupuesto: - Salida: 12V 1Amp - Requisitos de alimentaci\u00f3n: de 100V a 240V AC 50\/60Hz, 1 Amperio. - Cable de 1,9 m de longitud incluido. - Fusibles r\u00e1pidos de dos hilos, terminales de aro y conexi\u00f3n de cocodrilo disponibles. - Protegido de polaridad inversa con disyuntor. - Completamente resistente al agua. - Ideal para todo tipo de veh\u00edculos: coches, motos, barcos, caravanas, veh\u00edculos todo terreno, motos acu\u00e1ticas, veh\u00edculos agr\u00edcolas, motos de nieve (todos hasta 12V). - Cumple con todas las normas de seguridad internacionales GS\/CE. - Tres LEDs para comprobar el correcto funcionamiento del producto. - Carga y mantiene eficientemente todo tipo de bater\u00edas: MF, AGM, SLA, VRLA y tradicionales. Incluye: - Cargador de bater\u00edas. - Conexi\u00f3n a toma de 220V. - Cables de conexi\u00f3n con arandelas (longitud 60 cm). - Cables con abrazaderas (longitud 60 cm). - Manual de instrucciones. Ocultar descripci\u00f3n\"><span class=\"Y2IQFc\" lang=\"es\">- Tres LEDs para comprobar el correcto funcionamiento del producto.\r\n- Carga y mantiene eficientemente todo tipo de bater\u00edas: MF, AGM, SLA, VRLA y tradicionales.<\/span><\/pre>\n<pre id=\"tw-target-text\" class=\"tw-data-text tw-text-large tw-ta\" dir=\"ltr\" data-placeholder=\"Traducci\u00f3n\" data-ved=\"2ahUKEwjkw8zAieGIAxXQXfEDHcXtH-EQ3ewLegQIBBAU\" aria-label=\"Texto traducido: Descripci\u00f3n Este cargador de bater\u00edas para moto MAGNETI MARELLI carga y mantiene la carga de cualquier tipo de bater\u00eda de plomo-\u00e1cido (gel l\u00edquido, MF, VRLA, AGM). El cargador Magneti Marelli puede funcionar en condiciones extremas, cargando la bater\u00eda bajo la lluvia. Presupuesto: - Salida: 12V 1Amp - Requisitos de alimentaci\u00f3n: de 100V a 240V AC 50\/60Hz, 1 Amperio. - Cable de 1,9 m de longitud incluido. - Fusibles r\u00e1pidos de dos hilos, terminales de aro y conexi\u00f3n de cocodrilo disponibles. - Protegido de polaridad inversa con disyuntor. - Completamente resistente al agua. - Ideal para todo tipo de veh\u00edculos: coches, motos, barcos, caravanas, veh\u00edculos todo terreno, motos acu\u00e1ticas, veh\u00edculos agr\u00edcolas, motos de nieve (todos hasta 12V). - Cumple con todas las normas de seguridad internacionales GS\/CE. - Tres LEDs para comprobar el correcto funcionamiento del producto. - Carga y mantiene eficientemente todo tipo de bater\u00edas: MF, AGM, SLA, VRLA y tradicionales. Incluye: - Cargador de bater\u00edas. - Conexi\u00f3n a toma de 220V. - Cables de conexi\u00f3n con arandelas (longitud 60 cm). - Cables con abrazaderas (longitud 60 cm). - Manual de instrucciones. Ocultar descripci\u00f3n\"><span class=\"Y2IQFc\" lang=\"es\">Incluye:\r\n- Cargador de bater\u00edas.\r\n- Conexi\u00f3n a toma de 220V.\r\n- Cables de conexi\u00f3n con arandelas (longitud 60 cm).\r\n- Cables con abrazaderas (longitud 60 cm).\r\n- Manual de instrucciones.<\/span><\/pre>\n<pre id=\"tw-target-text\" class=\"tw-data-text tw-text-large tw-ta\" dir=\"ltr\" data-placeholder=\"Traducci\u00f3n\" data-ved=\"2ahUKEwjkw8zAieGIAxXQXfEDHcXtH-EQ3ewLegQIBBAU\" aria-label=\"Texto traducido: Descripci\u00f3n Este cargador de bater\u00edas para moto MAGNETI MARELLI carga y mantiene la carga de cualquier tipo de bater\u00eda de plomo-\u00e1cido (gel l\u00edquido, MF, VRLA, AGM). El cargador Magneti Marelli puede funcionar en condiciones extremas, cargando la bater\u00eda bajo la lluvia. Presupuesto: - Salida: 12V 1Amp - Requisitos de alimentaci\u00f3n: de 100V a 240V AC 50\/60Hz, 1 Amperio. - Cable de 1,9 m de longitud incluido. - Fusibles r\u00e1pidos de dos hilos, terminales de aro y conexi\u00f3n de cocodrilo disponibles. - Protegido de polaridad inversa con disyuntor. - Completamente resistente al agua. - Ideal para todo tipo de veh\u00edculos: coches, motos, barcos, caravanas, veh\u00edculos todo terreno, motos acu\u00e1ticas, veh\u00edculos agr\u00edcolas, motos de nieve (todos hasta 12V). - Cumple con todas las normas de seguridad internacionales GS\/CE. - Tres LEDs para comprobar el correcto funcionamiento del producto. - Carga y mantiene eficientemente todo tipo de bater\u00edas: MF, AGM, SLA, VRLA y tradicionales. Incluye: - Cargador de bater\u00edas. - Conexi\u00f3n a toma de 220V. - Cables de conexi\u00f3n con arandelas (longitud 60 cm). - Cables con abrazaderas (longitud 60 cm). - Manual de instrucciones. Ocultar descripci\u00f3n\"><span class=\"Y2IQFc\" lang=\"es\">\u00a0<\/span><\/pre>\n<pre id=\"tw-target-text\" class=\"tw-data-text tw-text-large tw-ta\" dir=\"ltr\" data-placeholder=\"Traducci\u00f3n\" data-ved=\"2ahUKEwjkw8zAieGIAxXQXfEDHcXtH-EQ3ewLegQIBBAU\" aria-label=\"Texto traducido: Descripci\u00f3n Este cargador de bater\u00edas para moto MAGNETI MARELLI carga y mantiene la carga de cualquier tipo de bater\u00eda de plomo-\u00e1cido (gel l\u00edquido, MF, VRLA, AGM). El cargador Magneti Marelli puede funcionar en condiciones extremas, cargando la bater\u00eda bajo la lluvia. Presupuesto: - Salida: 12V 1Amp - Requisitos de alimentaci\u00f3n: de 100V a 240V AC 50\/60Hz, 1 Amperio. - Cable de 1,9 m de longitud incluido. - Fusibles r\u00e1pidos de dos hilos, terminales de aro y conexi\u00f3n de cocodrilo disponibles. - Protegido de polaridad inversa con disyuntor. - Completamente resistente al agua. - Ideal para todo tipo de veh\u00edculos: coches, motos, barcos, caravanas, veh\u00edculos todo terreno, motos acu\u00e1ticas, veh\u00edculos agr\u00edcolas, motos de nieve (todos hasta 12V). - Cumple con todas las normas de seguridad internacionales GS\/CE. - Tres LEDs para comprobar el correcto funcionamiento del producto. - Carga y mantiene eficientemente todo tipo de bater\u00edas: MF, AGM, SLA, VRLA y tradicionales. Incluye: - Cargador de bater\u00edas. - Conexi\u00f3n a toma de 220V. - Cables de conexi\u00f3n con arandelas (longitud 60 cm). - Cables con abrazaderas (longitud 60 cm). - Manual de instrucciones. Ocultar descripci\u00f3n\"><\/pre>\n","protected":false},"excerpt":{"rendered":"<p>Descripci\u00f3n Este cargador de bater\u00edas para moto MAGNETI MARELLI carga y mantiene la carga de cualquier tipo de bater\u00eda de plomo-\u00e1cido (gel l\u00edquido, MF, VRLA, AGM). El cargador Magneti Marelli puede funcionar en condiciones extremas, cargando la bater\u00eda bajo la lluvia. &#8211; Salida: 12V 1Amp &#8211; Requisitos de alimentaci\u00f3n: de 100V a 240V AC 50\/60Hz, [&hellip;]<\/p>\n","protected":false},"featured_media":13026,"template":"","meta":{"_et_pb_use_builder":"","_et_pb_old_content":"","_et_gb_content_width":""},"product_cat":[796],"product_tag":[],"_links":{"self":[{"href":"https:\/\/difrenos.com\/index.php\/wp-json\/wp\/v2\/product\/13024"}],"collection":[{"href":"https:\/\/difrenos.com\/index.php\/wp-json\/wp\/v2\/product"}],"about":[{"href":"https:\/\/difrenos.com\/index.php\/wp-json\/wp\/v2\/types\/product"}],"wp:featuredmedia":[{"embeddable":true,"href":"https:\/\/difrenos.com\/index.php\/wp-json\/wp\/v2\/media\/13026"}],"wp:attachment":[{"href":"https:\/\/difrenos.com\/index.php\/wp-json\/wp\/v2\/media?parent=13024"}],"wp:term":[{"taxonomy":"product_cat","embeddable":true,"href":"https:\/\/difrenos.com\/index.php\/wp-json\/wp\/v2\/product_cat?post=13024"},{"taxonomy":"product_tag","embeddable":true,"href":"https:\/\/difrenos.com\/index.php\/wp-json\/wp\/v2\/product_tag?post=13024"}],"curies":[{"name":"wp","href":"https:\/\/api.w.org\/{rel}","templated":true}]}}