{"id":13022,"date":"2024-09-26T16:30:56","date_gmt":"2024-09-26T16:30:56","guid":{"rendered":"https:\/\/difrenos.com\/?post_type=product&#038;p=13022"},"modified":"2026-03-17T13:17:02","modified_gmt":"2026-03-17T13:17:02","slug":"cargador-mantenedor-baterias-husqvarna","status":"publish","type":"product","link":"https:\/\/difrenos.com\/index.php\/producto\/cargador-mantenedor-baterias-husqvarna\/","title":{"rendered":"CARGADOR\/MANTENEDOR BATERIAS HUSQVARNA"},"content":{"rendered":"<p>Imprescindible en cualquier taller o garaje. Pruebe, cargue y mantenga las bater\u00edas cargadas con gran facilidad. Carga de bater\u00edas totalmente autom\u00e1tica y protectora gracias a una curva de carga programada. La pantalla LCD muestra claramente el nivel de carga. Protecci\u00f3n contra inversi\u00f3n de polaridad, cortocircuito y sobrecarga.<\/p>\n<p>&nbsp;<\/p>\n<p>&nbsp;<\/p>\n","protected":false},"excerpt":{"rendered":"<p>Imprescindible en cualquier taller o garaje. Pruebe, cargue y mantenga las bater\u00edas cargadas con gran facilidad. Carga de bater\u00edas totalmente autom\u00e1tica y protectora gracias a una curva de carga programada. La pantalla LCD muestra claramente el nivel de carga. Protecci\u00f3n contra inversi\u00f3n de polaridad, cortocircuito y sobrecarga. &nbsp; &nbsp;<\/p>\n","protected":false},"featured_media":13023,"template":"","meta":{"_et_pb_use_builder":"","_et_pb_old_content":"","_et_gb_content_width":""},"product_cat":[796],"product_tag":[],"_links":{"self":[{"href":"https:\/\/difrenos.com\/index.php\/wp-json\/wp\/v2\/product\/13022"}],"collection":[{"href":"https:\/\/difrenos.com\/index.php\/wp-json\/wp\/v2\/product"}],"about":[{"href":"https:\/\/difrenos.com\/index.php\/wp-json\/wp\/v2\/types\/product"}],"wp:featuredmedia":[{"embeddable":true,"href":"https:\/\/difrenos.com\/index.php\/wp-json\/wp\/v2\/media\/13023"}],"wp:attachment":[{"href":"https:\/\/difrenos.com\/index.php\/wp-json\/wp\/v2\/media?parent=13022"}],"wp:term":[{"taxonomy":"product_cat","embeddable":true,"href":"https:\/\/difrenos.com\/index.php\/wp-json\/wp\/v2\/product_cat?post=13022"},{"taxonomy":"product_tag","embeddable":true,"href":"https:\/\/difrenos.com\/index.php\/wp-json\/wp\/v2\/product_tag?post=13022"}],"curies":[{"name":"wp","href":"https:\/\/api.w.org\/{rel}","templated":true}]}}