{"id":13020,"date":"2024-09-26T16:22:07","date_gmt":"2024-09-26T16:22:07","guid":{"rendered":"https:\/\/difrenos.com\/?post_type=product&#038;p=13020"},"modified":"2025-10-03T12:00:31","modified_gmt":"2025-10-03T12:00:31","slug":"cargador-de-bateria-de-litio-unibat","status":"publish","type":"product","link":"https:\/\/difrenos.com\/index.php\/producto\/cargador-de-bateria-de-litio-unibat\/","title":{"rendered":"CARGADOR DE BATERIA DE LITIO UNIBAT"},"content":{"rendered":"<p><b>Caracter\u00edsticas t\u00e9cnicas:<\/b><br \/>\nSALIDA: 12.8V 1Amp<br \/>\nRequisitos de la fuente de alimentaci\u00f3n: 100 V a 240 V CA 50\/60 Hz<br \/>\nEquipado con dos cables de conexi\u00f3n: corte r\u00e1pido por fusible, terminales de cable con ojales y pinzas cocodrilo<br \/>\nProtegido contra cortocircuitos por polaridad inversa<br \/>\nTotalmente estanco e impermeable<br \/>\nTres luces para verificar el correcto funcionamiento del producto<br \/>\nCarga y mantiene eficientes bater\u00edas de iones de litio<br \/>\nMaterial pl\u00e1stico ign\u00edfugo<\/p>\n","protected":false},"excerpt":{"rendered":"<p>Caracter\u00edsticas t\u00e9cnicas: SALIDA: 12.8V 1Amp Requisitos de la fuente de alimentaci\u00f3n: 100 V a 240 V CA 50\/60 Hz Equipado con dos cables de conexi\u00f3n: corte r\u00e1pido por fusible, terminales de cable con ojales y pinzas cocodrilo Protegido contra cortocircuitos por polaridad inversa Totalmente estanco e impermeable Tres luces para verificar el correcto funcionamiento del [&hellip;]<\/p>\n","protected":false},"featured_media":13021,"template":"","meta":{"_et_pb_use_builder":"","_et_pb_old_content":"","_et_gb_content_width":""},"product_cat":[796,170],"product_tag":[],"_links":{"self":[{"href":"https:\/\/difrenos.com\/index.php\/wp-json\/wp\/v2\/product\/13020"}],"collection":[{"href":"https:\/\/difrenos.com\/index.php\/wp-json\/wp\/v2\/product"}],"about":[{"href":"https:\/\/difrenos.com\/index.php\/wp-json\/wp\/v2\/types\/product"}],"wp:featuredmedia":[{"embeddable":true,"href":"https:\/\/difrenos.com\/index.php\/wp-json\/wp\/v2\/media\/13021"}],"wp:attachment":[{"href":"https:\/\/difrenos.com\/index.php\/wp-json\/wp\/v2\/media?parent=13020"}],"wp:term":[{"taxonomy":"product_cat","embeddable":true,"href":"https:\/\/difrenos.com\/index.php\/wp-json\/wp\/v2\/product_cat?post=13020"},{"taxonomy":"product_tag","embeddable":true,"href":"https:\/\/difrenos.com\/index.php\/wp-json\/wp\/v2\/product_tag?post=13020"}],"curies":[{"name":"wp","href":"https:\/\/api.w.org\/{rel}","templated":true}]}}