{"id":12994,"date":"2024-09-26T15:38:19","date_gmt":"2024-09-26T15:38:19","guid":{"rendered":"https:\/\/difrenos.com\/?post_type=product&#038;p=12994"},"modified":"2026-03-17T18:28:16","modified_gmt":"2026-03-17T18:28:16","slug":"trinquete-35mm-4mts-2uds","status":"publish","type":"product","link":"https:\/\/difrenos.com\/index.php\/producto\/trinquete-35mm-4mts-2uds\/","title":{"rendered":"TRINQUETE PONSA 35MM 4MTS (JUEGO 2 UNIDADES)"},"content":{"rendered":"<p><strong>Juego de 2 cinchas Ponsa Trinquete 35.<\/strong><br \/>\nLos trinquetes son el m\u00e9todo m\u00e1s f\u00e1cil y seguro para asegurar nuestra carga.<br \/>\nJuego de cinchas de 4 metros de largo y 35 mm de ancho cada una. Gran resistencia. F\u00e1cil manejo. Tensi\u00f3n regulable (no el\u00e1stica). No da\u00f1a superficies delicadas. M\u00ednimo espacio. Larga durabilidad.<\/p>\n","protected":false},"excerpt":{"rendered":"<p>Juego de 2 cinchas Ponsa Trinquete 35. Los trinquetes son el m\u00e9todo m\u00e1s f\u00e1cil y seguro para asegurar nuestra carga. Juego de cinchas de 4 metros de largo y 35 mm de ancho cada una. Gran resistencia. F\u00e1cil manejo. Tensi\u00f3n regulable (no el\u00e1stica). No da\u00f1a superficies delicadas. M\u00ednimo espacio. Larga durabilidad.<\/p>\n","protected":false},"featured_media":12995,"template":"","meta":{"_et_pb_use_builder":"","_et_pb_old_content":"","_et_gb_content_width":""},"product_cat":[174],"product_tag":[],"_links":{"self":[{"href":"https:\/\/difrenos.com\/index.php\/wp-json\/wp\/v2\/product\/12994"}],"collection":[{"href":"https:\/\/difrenos.com\/index.php\/wp-json\/wp\/v2\/product"}],"about":[{"href":"https:\/\/difrenos.com\/index.php\/wp-json\/wp\/v2\/types\/product"}],"wp:featuredmedia":[{"embeddable":true,"href":"https:\/\/difrenos.com\/index.php\/wp-json\/wp\/v2\/media\/12995"}],"wp:attachment":[{"href":"https:\/\/difrenos.com\/index.php\/wp-json\/wp\/v2\/media?parent=12994"}],"wp:term":[{"taxonomy":"product_cat","embeddable":true,"href":"https:\/\/difrenos.com\/index.php\/wp-json\/wp\/v2\/product_cat?post=12994"},{"taxonomy":"product_tag","embeddable":true,"href":"https:\/\/difrenos.com\/index.php\/wp-json\/wp\/v2\/product_tag?post=12994"}],"curies":[{"name":"wp","href":"https:\/\/api.w.org\/{rel}","templated":true}]}}