{"id":12976,"date":"2024-09-26T09:11:03","date_gmt":"2024-09-26T09:11:03","guid":{"rendered":"https:\/\/difrenos.com\/?post_type=product&#038;p=12976"},"modified":"2024-11-18T18:08:12","modified_gmt":"2024-11-18T18:08:12","slug":"cuentahoras-apico","status":"publish","type":"product","link":"https:\/\/difrenos.com\/index.php\/producto\/cuentahoras-apico\/","title":{"rendered":"CUENTAHORAS APICO"},"content":{"rendered":"<ul>\n<li>Muestra las RPM<\/li>\n<li>Todos los motores hasta 2 cal.<\/li>\n<li>Tiempo r\u00e9cord en el motor<\/li>\n<li>No borrable<\/li>\n<li>F\u00e1cil instalaci\u00f3n<\/li>\n<li>Sin alimentaci\u00f3n ni cableado a tierra<\/li>\n<li>Se enciende y apaga con el motor<\/li>\n<\/ul>\n<p>\u00a1Aplicaci\u00f3n universal, ideal para 2\/4 tiempos!<\/p>\n","protected":false},"excerpt":{"rendered":"<p>Muestra las RPM Todos los motores hasta 2 cal. Tiempo r\u00e9cord en el motor No borrable F\u00e1cil instalaci\u00f3n Sin alimentaci\u00f3n ni cableado a tierra Se enciende y apaga con el motor \u00a1Aplicaci\u00f3n universal, ideal para 2\/4 tiempos!<\/p>\n","protected":false},"featured_media":12977,"template":"","meta":{"_et_pb_use_builder":"","_et_pb_old_content":"","_et_gb_content_width":""},"product_cat":[786],"product_tag":[],"_links":{"self":[{"href":"https:\/\/difrenos.com\/index.php\/wp-json\/wp\/v2\/product\/12976"}],"collection":[{"href":"https:\/\/difrenos.com\/index.php\/wp-json\/wp\/v2\/product"}],"about":[{"href":"https:\/\/difrenos.com\/index.php\/wp-json\/wp\/v2\/types\/product"}],"wp:featuredmedia":[{"embeddable":true,"href":"https:\/\/difrenos.com\/index.php\/wp-json\/wp\/v2\/media\/12977"}],"wp:attachment":[{"href":"https:\/\/difrenos.com\/index.php\/wp-json\/wp\/v2\/media?parent=12976"}],"wp:term":[{"taxonomy":"product_cat","embeddable":true,"href":"https:\/\/difrenos.com\/index.php\/wp-json\/wp\/v2\/product_cat?post=12976"},{"taxonomy":"product_tag","embeddable":true,"href":"https:\/\/difrenos.com\/index.php\/wp-json\/wp\/v2\/product_tag?post=12976"}],"curies":[{"name":"wp","href":"https:\/\/api.w.org\/{rel}","templated":true}]}}