{"id":12944,"date":"2024-09-25T10:45:05","date_gmt":"2024-09-25T10:45:05","guid":{"rendered":"https:\/\/difrenos.com\/?post_type=product&#038;p=12944"},"modified":"2026-04-01T09:55:47","modified_gmt":"2026-04-01T09:55:47","slug":"cabbalete-acerbis-kubro-azul","status":"publish","type":"product","link":"https:\/\/difrenos.com\/index.php\/producto\/cabbalete-acerbis-kubro-azul\/","title":{"rendered":"CABALLETE ACERBIS KUBRO AZUL"},"content":{"rendered":"<p>-El caballete Kubro de Acerbis, se presenta como un caballete multifuncional con agujero de vaciado, bandeja portaherramientas desmontable, etc..<\/p>\n<p>-Igualmente se ha dise\u00f1ado para ser un soporte perfecto para el bid\u00f3n de llenado r\u00e1pido Acerbis Speedy.<\/p>\n<p>-Ideal para quellos usuarios que quieren aprovecharse de la multiplicidad de funciones que ofrece \u00e9ste caballete.<\/p>\n<p>&#8211; Capacidad de carga de 150 kg<\/p>\n","protected":false},"excerpt":{"rendered":"<p>-El caballete Kubro de Acerbis, se presenta como un caballete multifuncional con agujero de vaciado, bandeja portaherramientas desmontable, etc.. -Igualmente se ha dise\u00f1ado para ser un soporte perfecto para el bid\u00f3n de llenado r\u00e1pido Acerbis Speedy. -Ideal para quellos usuarios que quieren aprovecharse de la multiplicidad de funciones que ofrece \u00e9ste caballete. &#8211; Capacidad de [&hellip;]<\/p>\n","protected":false},"featured_media":12946,"template":"","meta":{"_et_pb_use_builder":"","_et_pb_old_content":"","_et_gb_content_width":""},"product_cat":[797],"product_tag":[],"_links":{"self":[{"href":"https:\/\/difrenos.com\/index.php\/wp-json\/wp\/v2\/product\/12944"}],"collection":[{"href":"https:\/\/difrenos.com\/index.php\/wp-json\/wp\/v2\/product"}],"about":[{"href":"https:\/\/difrenos.com\/index.php\/wp-json\/wp\/v2\/types\/product"}],"wp:featuredmedia":[{"embeddable":true,"href":"https:\/\/difrenos.com\/index.php\/wp-json\/wp\/v2\/media\/12946"}],"wp:attachment":[{"href":"https:\/\/difrenos.com\/index.php\/wp-json\/wp\/v2\/media?parent=12944"}],"wp:term":[{"taxonomy":"product_cat","embeddable":true,"href":"https:\/\/difrenos.com\/index.php\/wp-json\/wp\/v2\/product_cat?post=12944"},{"taxonomy":"product_tag","embeddable":true,"href":"https:\/\/difrenos.com\/index.php\/wp-json\/wp\/v2\/product_tag?post=12944"}],"curies":[{"name":"wp","href":"https:\/\/api.w.org\/{rel}","templated":true}]}}