{"id":12935,"date":"2024-09-24T12:49:19","date_gmt":"2024-09-24T12:49:19","guid":{"rendered":"https:\/\/difrenos.com\/?post_type=product&#038;p=12935"},"modified":"2026-04-28T14:15:14","modified_gmt":"2026-04-28T14:15:14","slug":"trs-on-e-kids-2025","status":"publish","type":"product","link":"https:\/\/difrenos.com\/index.php\/producto\/trs-on-e-kids-2025\/","title":{"rendered":"TRS ON-E KIDS  20&#8243; 2025\u00a0&#8211; 2026"},"content":{"rendered":"<p>TRRS llega al mercado con la quinta generaci\u00f3n de los modelos ON-E Kids que se ha consolidado, entre los mas j\u00f3venes, como la moto de trial infantil m\u00e1s deseada!<\/p>\n<p>TRRS apost\u00f3 en su momento por crear una moto el\u00e9ctrica de trial infantil referente. Un modelo con unas caracter\u00edsticas y est\u00e1ndares de calidad del m\u00e1s alto nivel. Para 2025 se ha aumentado la fiabilidad de la moto, mejorando la parte ciclo y optimizando la gesti\u00f3n de la potencia desde la controladora.<\/p>\n<p>Amortiguaci\u00f3n progresiva, chasis monocasco en aluminio y con la posibilidad de ajustar los par\u00e1metros de entrega de potencia de la moto acorde a las necesidades del piloto, su nivel o experiencia, as\u00ed como las condiciones del terreno.<\/p>\n<p>Dos modelos, la ON-E Kids 20 y 16&#8243;, que junto con las Balance 16 &amp; 12&#8243; y la reciente incorporaci\u00f3n del modelo 80 cc, conforman el cat\u00e1logo de motos de trial infantiles mas amplio del mercado.<\/p>\n<p><strong>PARTE CICLO<\/strong>:<\/p>\n<p>Horquilla delantera:<\/p>\n<ul>\n<li>Nueva horquilla delantera RST.<br \/>\n\u2022 Nuevos topes de manillar.<\/li>\n<\/ul>\n<p>Adhesivos:<\/p>\n<ul>\n<li>Nueva decoraci\u00f3n ON-E 2025 chasis negro.<\/li>\n<\/ul>\n<p>Estriberas:<\/p>\n<ul>\n<li>Nuevas estriberas de aluminio color negro.<\/li>\n<\/ul>\n<p>Disponible en 20 &amp; 16&#8243;!!!<\/p>\n","protected":false},"excerpt":{"rendered":"<p>TRRS llega al mercado con la quinta generaci\u00f3n de los modelos ON-E Kids que se ha consolidado, entre los mas j\u00f3venes, como la moto de trial infantil m\u00e1s deseada! TRRS apost\u00f3 en su momento por crear una moto el\u00e9ctrica de trial infantil referente. Un modelo con unas caracter\u00edsticas y est\u00e1ndares de calidad del m\u00e1s alto [&hellip;]<\/p>\n","protected":false},"featured_media":12936,"template":"","meta":{"_et_pb_use_builder":"","_et_pb_old_content":"","_et_gb_content_width":""},"product_cat":[266,129,207],"product_tag":[],"_links":{"self":[{"href":"https:\/\/difrenos.com\/index.php\/wp-json\/wp\/v2\/product\/12935"}],"collection":[{"href":"https:\/\/difrenos.com\/index.php\/wp-json\/wp\/v2\/product"}],"about":[{"href":"https:\/\/difrenos.com\/index.php\/wp-json\/wp\/v2\/types\/product"}],"wp:featuredmedia":[{"embeddable":true,"href":"https:\/\/difrenos.com\/index.php\/wp-json\/wp\/v2\/media\/12936"}],"wp:attachment":[{"href":"https:\/\/difrenos.com\/index.php\/wp-json\/wp\/v2\/media?parent=12935"}],"wp:term":[{"taxonomy":"product_cat","embeddable":true,"href":"https:\/\/difrenos.com\/index.php\/wp-json\/wp\/v2\/product_cat?post=12935"},{"taxonomy":"product_tag","embeddable":true,"href":"https:\/\/difrenos.com\/index.php\/wp-json\/wp\/v2\/product_tag?post=12935"}],"curies":[{"name":"wp","href":"https:\/\/api.w.org\/{rel}","templated":true}]}}