{"id":12931,"date":"2024-09-24T07:42:27","date_gmt":"2024-09-24T07:42:27","guid":{"rendered":"https:\/\/difrenos.com\/?post_type=product&#038;p=12931"},"modified":"2024-11-19T17:10:34","modified_gmt":"2024-11-19T17:10:34","slug":"proteccion-de-la-fijacion-de-la-guia-de-cadena-husqvarna","status":"publish","type":"product","link":"https:\/\/difrenos.com\/index.php\/producto\/proteccion-de-la-fijacion-de-la-guia-de-cadena-husqvarna\/","title":{"rendered":"PROTECCI\u00d3N DE LA FIJACI\u00d3N DE LA GU\u00cdA DE CADENA HUSQVARNA(78104974000)"},"content":{"rendered":"<p>Fabricado en aluminio de alta resistencia. Protege de da\u00f1os graves al soporte de la gu\u00eda de cadena No es compatible con la gu\u00eda de cadena T.M. Designworks.<\/p>\n<p>TE 300 \u00b415-\u00b419 entre otros modelos.<\/p>\n","protected":false},"excerpt":{"rendered":"<p>Fabricado en aluminio de alta resistencia. Protege de da\u00f1os graves al soporte de la gu\u00eda de cadena No es compatible con la gu\u00eda de cadena T.M. Designworks. TE 300 \u00b415-\u00b419 entre otros modelos.<\/p>\n","protected":false},"featured_media":12932,"template":"","meta":{"_et_pb_use_builder":"","_et_pb_old_content":"","_et_gb_content_width":""},"product_cat":[789],"product_tag":[],"_links":{"self":[{"href":"https:\/\/difrenos.com\/index.php\/wp-json\/wp\/v2\/product\/12931"}],"collection":[{"href":"https:\/\/difrenos.com\/index.php\/wp-json\/wp\/v2\/product"}],"about":[{"href":"https:\/\/difrenos.com\/index.php\/wp-json\/wp\/v2\/types\/product"}],"wp:featuredmedia":[{"embeddable":true,"href":"https:\/\/difrenos.com\/index.php\/wp-json\/wp\/v2\/media\/12932"}],"wp:attachment":[{"href":"https:\/\/difrenos.com\/index.php\/wp-json\/wp\/v2\/media?parent=12931"}],"wp:term":[{"taxonomy":"product_cat","embeddable":true,"href":"https:\/\/difrenos.com\/index.php\/wp-json\/wp\/v2\/product_cat?post=12931"},{"taxonomy":"product_tag","embeddable":true,"href":"https:\/\/difrenos.com\/index.php\/wp-json\/wp\/v2\/product_tag?post=12931"}],"curies":[{"name":"wp","href":"https:\/\/api.w.org\/{rel}","templated":true}]}}