{"id":12871,"date":"2024-09-19T15:10:10","date_gmt":"2024-09-19T15:10:10","guid":{"rendered":"https:\/\/difrenos.com\/?post_type=product&#038;p=12871"},"modified":"2026-03-20T12:03:08","modified_gmt":"2026-03-20T12:03:08","slug":"sistema-de-amortiguacion-progresiva-del-manillar-phds-husqvarna-gas-gas-3","status":"publish","type":"product","link":"https:\/\/difrenos.com\/index.php\/producto\/sistema-de-amortiguacion-progresiva-del-manillar-phds-husqvarna-gas-gas-3\/","title":{"rendered":"SISTEMA DE AMORTIGUACI\u00d3N PROGRESIVA DEL MANILLAR (PHDS) HUSQVARNA\/GAS GAS"},"content":{"rendered":"<p>SXS14125200<\/p>\n<p>Estos kits con torretas mecanizadas CNC vienen provistos con inserciones de goma absorbente, que protegen las manos y las articulaciones del hombro.<\/p>\n<p>Otras ventajas del PHDS:Amortiguaci\u00f3n de golpes fuertes<\/p>\n<p>Absorci\u00f3n de las vibraciones molestas del chasis y motor<\/p>\n<p>Amortiguaci\u00f3n horizontal adicional del manillar<\/p>\n<p>Control preciso del manillar<\/p>\n<p>Ajuste del manillar en 2 alturas<\/p>\n<p>Se ofrecen elementos de amortiguaci\u00f3n adicionales de 3 grados de dureza (blando, medio, duro) para el ajuste personal<\/p>\n","protected":false},"excerpt":{"rendered":"<p>SXS14125200 Estos kits con torretas mecanizadas CNC vienen provistos con inserciones de goma absorbente, que protegen las manos y las articulaciones del hombro. Otras ventajas del PHDS:Amortiguaci\u00f3n de golpes fuertes Absorci\u00f3n de las vibraciones molestas del chasis y motor Amortiguaci\u00f3n horizontal adicional del manillar Control preciso del manillar Ajuste del manillar en 2 alturas Se [&hellip;]<\/p>\n","protected":false},"featured_media":12872,"template":"","meta":{"_et_pb_use_builder":"","_et_pb_old_content":"","_et_gb_content_width":""},"product_cat":[790],"product_tag":[],"_links":{"self":[{"href":"https:\/\/difrenos.com\/index.php\/wp-json\/wp\/v2\/product\/12871"}],"collection":[{"href":"https:\/\/difrenos.com\/index.php\/wp-json\/wp\/v2\/product"}],"about":[{"href":"https:\/\/difrenos.com\/index.php\/wp-json\/wp\/v2\/types\/product"}],"wp:featuredmedia":[{"embeddable":true,"href":"https:\/\/difrenos.com\/index.php\/wp-json\/wp\/v2\/media\/12872"}],"wp:attachment":[{"href":"https:\/\/difrenos.com\/index.php\/wp-json\/wp\/v2\/media?parent=12871"}],"wp:term":[{"taxonomy":"product_cat","embeddable":true,"href":"https:\/\/difrenos.com\/index.php\/wp-json\/wp\/v2\/product_cat?post=12871"},{"taxonomy":"product_tag","embeddable":true,"href":"https:\/\/difrenos.com\/index.php\/wp-json\/wp\/v2\/product_tag?post=12871"}],"curies":[{"name":"wp","href":"https:\/\/api.w.org\/{rel}","templated":true}]}}