{"id":12867,"date":"2024-09-19T14:58:34","date_gmt":"2024-09-19T14:58:34","guid":{"rendered":"https:\/\/difrenos.com\/?post_type=product&#038;p=12867"},"modified":"2026-03-20T11:53:33","modified_gmt":"2026-03-20T11:53:33","slug":"sistema-de-amortiguacion-progresiva-del-manillar-phds-husqvarna-gas-gas","status":"publish","type":"product","link":"https:\/\/difrenos.com\/index.php\/producto\/sistema-de-amortiguacion-progresiva-del-manillar-phds-husqvarna-gas-gas\/","title":{"rendered":"SISTEMA DE AMORTIGUACI\u00d3N PROGRESIVA DEL MANILLAR (PHDS) HUSQVARNA\/GAS GAS"},"content":{"rendered":"<p>A46001939500<\/p>\n<p>Anclaje de manillar mecanizado con insertos de goma amortiguadores<\/p>\n<p>Protege las mu\u00f1ecas y las articulaciones del h\u00famero<\/p>\n<p>Amortiguaci\u00f3n de golpes fuertes<\/p>\n<p>Absorci\u00f3n de las vibraciones de la parte ciclo y del motor<\/p>\n<p>Amortiguaci\u00f3n horizontal adicional del manillar<\/p>\n<p>Control preciso del manillar<\/p>\n","protected":false},"excerpt":{"rendered":"<p>A46001939500 Anclaje de manillar mecanizado con insertos de goma amortiguadores Protege las mu\u00f1ecas y las articulaciones del h\u00famero Amortiguaci\u00f3n de golpes fuertes Absorci\u00f3n de las vibraciones de la parte ciclo y del motor Amortiguaci\u00f3n horizontal adicional del manillar Control preciso del manillar<\/p>\n","protected":false},"featured_media":12868,"template":"","meta":{"_et_pb_use_builder":"","_et_pb_old_content":"","_et_gb_content_width":""},"product_cat":[790],"product_tag":[],"_links":{"self":[{"href":"https:\/\/difrenos.com\/index.php\/wp-json\/wp\/v2\/product\/12867"}],"collection":[{"href":"https:\/\/difrenos.com\/index.php\/wp-json\/wp\/v2\/product"}],"about":[{"href":"https:\/\/difrenos.com\/index.php\/wp-json\/wp\/v2\/types\/product"}],"wp:featuredmedia":[{"embeddable":true,"href":"https:\/\/difrenos.com\/index.php\/wp-json\/wp\/v2\/media\/12868"}],"wp:attachment":[{"href":"https:\/\/difrenos.com\/index.php\/wp-json\/wp\/v2\/media?parent=12867"}],"wp:term":[{"taxonomy":"product_cat","embeddable":true,"href":"https:\/\/difrenos.com\/index.php\/wp-json\/wp\/v2\/product_cat?post=12867"},{"taxonomy":"product_tag","embeddable":true,"href":"https:\/\/difrenos.com\/index.php\/wp-json\/wp\/v2\/product_tag?post=12867"}],"curies":[{"name":"wp","href":"https:\/\/api.w.org\/{rel}","templated":true}]}}