{"id":12863,"date":"2024-09-19T14:46:09","date_gmt":"2024-09-19T14:46:09","guid":{"rendered":"https:\/\/difrenos.com\/?post_type=product&#038;p=12863"},"modified":"2026-03-16T13:58:39","modified_gmt":"2026-03-16T13:58:39","slug":"fijacion-phds-para-amortiguador-de-direccion-factory","status":"publish","type":"product","link":"https:\/\/difrenos.com\/index.php\/producto\/fijacion-phds-para-amortiguador-de-direccion-factory\/","title":{"rendered":"FIJACI\u00d3N PHDS PARA AMORTIGUADOR DE DIRECCI\u00d3N FACTORY"},"content":{"rendered":"<p>Esta fijaci\u00f3n es necesaria para el montaje del sistema de amortiguaci\u00f3n progresiva del manillar (PHDS) SXS07125200 junto con un amortiguador de direcci\u00f3n<\/p>\n","protected":false},"excerpt":{"rendered":"<p>Esta fijaci\u00f3n es necesaria para el montaje del sistema de amortiguaci\u00f3n progresiva del manillar (PHDS) SXS07125200 junto con un amortiguador de direcci\u00f3n<\/p>\n","protected":false},"featured_media":12864,"template":"","meta":{"_et_pb_use_builder":"","_et_pb_old_content":"","_et_gb_content_width":""},"product_cat":[790],"product_tag":[],"_links":{"self":[{"href":"https:\/\/difrenos.com\/index.php\/wp-json\/wp\/v2\/product\/12863"}],"collection":[{"href":"https:\/\/difrenos.com\/index.php\/wp-json\/wp\/v2\/product"}],"about":[{"href":"https:\/\/difrenos.com\/index.php\/wp-json\/wp\/v2\/types\/product"}],"wp:featuredmedia":[{"embeddable":true,"href":"https:\/\/difrenos.com\/index.php\/wp-json\/wp\/v2\/media\/12864"}],"wp:attachment":[{"href":"https:\/\/difrenos.com\/index.php\/wp-json\/wp\/v2\/media?parent=12863"}],"wp:term":[{"taxonomy":"product_cat","embeddable":true,"href":"https:\/\/difrenos.com\/index.php\/wp-json\/wp\/v2\/product_cat?post=12863"},{"taxonomy":"product_tag","embeddable":true,"href":"https:\/\/difrenos.com\/index.php\/wp-json\/wp\/v2\/product_tag?post=12863"}],"curies":[{"name":"wp","href":"https:\/\/api.w.org\/{rel}","templated":true}]}}