{"id":12834,"date":"2024-09-19T09:50:09","date_gmt":"2024-09-19T09:50:09","guid":{"rendered":"https:\/\/difrenos.com\/?post_type=product&#038;p=12834"},"modified":"2026-03-23T14:04:02","modified_gmt":"2026-03-23T14:04:02","slug":"kit-tapa-de-acceso-rapido-caja-de-filtro-de-aire-4ride-14-hasta-actual","status":"publish","type":"product","link":"https:\/\/difrenos.com\/index.php\/producto\/kit-tapa-de-acceso-rapido-caja-de-filtro-de-aire-4ride-14-hasta-actual\/","title":{"rendered":"KIT TAPA (S3) DE ACCESO RAPIDO CAJA DE FILTRO DE AIRE 4RIDE \u00b414 HASTA ACTUAL (MP-1000-CT)"},"content":{"rendered":"<ul>\n<li>Accede de forma r\u00e1pida y directa al filtro de aire<\/li>\n<li>Mejora el rendimiento de tu motor aumentando su respiraci\u00f3n<\/li>\n<li>Evita aver\u00edas facilitando la limpieza del filtro su chequeo visual, mejorando el mantenimiento<\/li>\n<li>Incluye torniller\u00eda necesaria con plantilla para su instalaci\u00f3n.<\/li>\n<li>Fabricado en Acero inoxidable<\/li>\n<\/ul>\n","protected":false},"excerpt":{"rendered":"<p>Accede de forma r\u00e1pida y directa al filtro de aire Mejora el rendimiento de tu motor aumentando su respiraci\u00f3n Evita aver\u00edas facilitando la limpieza del filtro su chequeo visual, mejorando el mantenimiento Incluye torniller\u00eda necesaria con plantilla para su instalaci\u00f3n. Fabricado en Acero inoxidable<\/p>\n","protected":false},"featured_media":12835,"template":"","meta":{"_et_pb_use_builder":"","_et_pb_old_content":"","_et_gb_content_width":""},"product_cat":[795],"product_tag":[],"_links":{"self":[{"href":"https:\/\/difrenos.com\/index.php\/wp-json\/wp\/v2\/product\/12834"}],"collection":[{"href":"https:\/\/difrenos.com\/index.php\/wp-json\/wp\/v2\/product"}],"about":[{"href":"https:\/\/difrenos.com\/index.php\/wp-json\/wp\/v2\/types\/product"}],"wp:featuredmedia":[{"embeddable":true,"href":"https:\/\/difrenos.com\/index.php\/wp-json\/wp\/v2\/media\/12835"}],"wp:attachment":[{"href":"https:\/\/difrenos.com\/index.php\/wp-json\/wp\/v2\/media?parent=12834"}],"wp:term":[{"taxonomy":"product_cat","embeddable":true,"href":"https:\/\/difrenos.com\/index.php\/wp-json\/wp\/v2\/product_cat?post=12834"},{"taxonomy":"product_tag","embeddable":true,"href":"https:\/\/difrenos.com\/index.php\/wp-json\/wp\/v2\/product_tag?post=12834"}],"curies":[{"name":"wp","href":"https:\/\/api.w.org\/{rel}","templated":true}]}}