{"id":12786,"date":"2024-09-18T14:28:44","date_gmt":"2024-09-18T14:28:44","guid":{"rendered":"https:\/\/difrenos.com\/?post_type=product&#038;p=12786"},"modified":"2026-03-13T09:14:22","modified_gmt":"2026-03-13T09:14:22","slug":"adaptador-para-smartphone","status":"publish","type":"product","link":"https:\/\/difrenos.com\/index.php\/producto\/adaptador-para-smartphone\/","title":{"rendered":"ADAPTADOR PARA SMARTPHONE"},"content":{"rendered":"<p><span style=\"vertical-align: inherit;\"><span style=\"vertical-align: inherit;\">Soluci\u00f3n \u00f3ptima para la fijaci\u00f3n r\u00e1pida y segura del smartphone al veh\u00edculo<\/span><\/span><\/p>\n<p><span style=\"vertical-align: inherit;\"><span style=\"vertical-align: inherit;\">Gira 90\u00b0<\/span><\/span><\/p>\n<p><span style=\"vertical-align: inherit;\"><span style=\"vertical-align: inherit;\">El smartphone se puede extraer f\u00e1cilmente con la funda<\/span><\/span><\/p>\n<p><span style=\"vertical-align: inherit;\"><span style=\"vertical-align: inherit;\">Montaje f\u00e1cil<\/span><\/span><\/p>\n<p><span style=\"vertical-align: inherit;\"><span style=\"vertical-align: inherit;\">Se puede montar directamente en la fijaci\u00f3n de GPS.<\/span><\/span><\/p>\n","protected":false},"excerpt":{"rendered":"<p>Soluci\u00f3n \u00f3ptima para la fijaci\u00f3n r\u00e1pida y segura del smartphone al veh\u00edculo Gira 90\u00b0 El smartphone se puede extraer f\u00e1cilmente con la funda Montaje f\u00e1cil Se puede montar directamente en la fijaci\u00f3n de GPS.<\/p>\n","protected":false},"featured_media":12787,"template":"","meta":{"_et_pb_use_builder":"","_et_pb_old_content":"","_et_gb_content_width":""},"product_cat":[788],"product_tag":[],"_links":{"self":[{"href":"https:\/\/difrenos.com\/index.php\/wp-json\/wp\/v2\/product\/12786"}],"collection":[{"href":"https:\/\/difrenos.com\/index.php\/wp-json\/wp\/v2\/product"}],"about":[{"href":"https:\/\/difrenos.com\/index.php\/wp-json\/wp\/v2\/types\/product"}],"wp:featuredmedia":[{"embeddable":true,"href":"https:\/\/difrenos.com\/index.php\/wp-json\/wp\/v2\/media\/12787"}],"wp:attachment":[{"href":"https:\/\/difrenos.com\/index.php\/wp-json\/wp\/v2\/media?parent=12786"}],"wp:term":[{"taxonomy":"product_cat","embeddable":true,"href":"https:\/\/difrenos.com\/index.php\/wp-json\/wp\/v2\/product_cat?post=12786"},{"taxonomy":"product_tag","embeddable":true,"href":"https:\/\/difrenos.com\/index.php\/wp-json\/wp\/v2\/product_tag?post=12786"}],"curies":[{"name":"wp","href":"https:\/\/api.w.org\/{rel}","templated":true}]}}