{"id":12784,"date":"2024-09-18T14:25:53","date_gmt":"2024-09-18T14:25:53","guid":{"rendered":"https:\/\/difrenos.com\/?post_type=product&#038;p=12784"},"modified":"2026-03-12T10:29:16","modified_gmt":"2026-03-12T10:29:16","slug":"adaptador-universal-para-smartphone","status":"publish","type":"product","link":"https:\/\/difrenos.com\/index.php\/producto\/adaptador-universal-para-smartphone\/","title":{"rendered":"ADAPTADOR UNIVERSAL PARA SMARTPHONE"},"content":{"rendered":"<p>Soluci\u00f3n \u00f3ptima para la fijaci\u00f3n r\u00e1pida y segura del smartphone al veh\u00edculo<\/p>\n<p>Dimensiones: 66&#215;55\u00a0mm<\/p>\n","protected":false},"excerpt":{"rendered":"<p>Soluci\u00f3n \u00f3ptima para la fijaci\u00f3n r\u00e1pida y segura del smartphone al veh\u00edculo Dimensiones: 66&#215;55\u00a0mm<\/p>\n","protected":false},"featured_media":12785,"template":"","meta":{"_et_pb_use_builder":"","_et_pb_old_content":"","_et_gb_content_width":""},"product_cat":[788],"product_tag":[],"_links":{"self":[{"href":"https:\/\/difrenos.com\/index.php\/wp-json\/wp\/v2\/product\/12784"}],"collection":[{"href":"https:\/\/difrenos.com\/index.php\/wp-json\/wp\/v2\/product"}],"about":[{"href":"https:\/\/difrenos.com\/index.php\/wp-json\/wp\/v2\/types\/product"}],"wp:featuredmedia":[{"embeddable":true,"href":"https:\/\/difrenos.com\/index.php\/wp-json\/wp\/v2\/media\/12785"}],"wp:attachment":[{"href":"https:\/\/difrenos.com\/index.php\/wp-json\/wp\/v2\/media?parent=12784"}],"wp:term":[{"taxonomy":"product_cat","embeddable":true,"href":"https:\/\/difrenos.com\/index.php\/wp-json\/wp\/v2\/product_cat?post=12784"},{"taxonomy":"product_tag","embeddable":true,"href":"https:\/\/difrenos.com\/index.php\/wp-json\/wp\/v2\/product_tag?post=12784"}],"curies":[{"name":"wp","href":"https:\/\/api.w.org\/{rel}","templated":true}]}}