{"id":12768,"date":"2024-09-18T12:09:02","date_gmt":"2024-09-18T12:09:02","guid":{"rendered":"https:\/\/difrenos.com\/?post_type=product&#038;p=12768"},"modified":"2026-03-16T13:42:30","modified_gmt":"2026-03-16T13:42:30","slug":"extension-de-la-bomba-de-freno-trasero-husqvarna","status":"publish","type":"product","link":"https:\/\/difrenos.com\/index.php\/producto\/extension-de-la-bomba-de-freno-trasero-husqvarna\/","title":{"rendered":"EXTENSI\u00d3N DE LA BOMBA DE FRENO TRASERO HUSQVARNA(8131396100068)"},"content":{"rendered":"<p>Todas las piezas CNC de Husqvarna est\u00e1n fabricadas con aluminio de alta calidad y, por ello, no solo son bonitas, sino que tambi\u00e9n est\u00e1n preparadas para las solicitaciones m\u00e1s duras. Con las piezas de aluminio anodizadas de los accesorios de Husqvarna puedes convertir tu Husqvarna en algo muy especial. Este extensor aumenta el volumen del cilindro del freno trasero. En combinaci\u00f3n con nervios del radiador adicionales, minimiza el calentamiento del l\u00edquido de frenos y elimina de forma pr\u00e1cticamente completa el temido \u201cfading\u201d. Requisito de espacio: altura total incl. tapa aprox. 40,5\u00a0mm.\u00a1Solo se puede utilizar con un equipo de frenos Brembo!<\/p>\n","protected":false},"excerpt":{"rendered":"<p>Todas las piezas CNC de Husqvarna est\u00e1n fabricadas con aluminio de alta calidad y, por ello, no solo son bonitas, sino que tambi\u00e9n est\u00e1n preparadas para las solicitaciones m\u00e1s duras. Con las piezas de aluminio anodizadas de los accesorios de Husqvarna puedes convertir tu Husqvarna en algo muy especial. Este extensor aumenta el volumen del [&hellip;]<\/p>\n","protected":false},"featured_media":12769,"template":"","meta":{"_et_pb_use_builder":"","_et_pb_old_content":"","_et_gb_content_width":""},"product_cat":[763],"product_tag":[],"_links":{"self":[{"href":"https:\/\/difrenos.com\/index.php\/wp-json\/wp\/v2\/product\/12768"}],"collection":[{"href":"https:\/\/difrenos.com\/index.php\/wp-json\/wp\/v2\/product"}],"about":[{"href":"https:\/\/difrenos.com\/index.php\/wp-json\/wp\/v2\/types\/product"}],"wp:featuredmedia":[{"embeddable":true,"href":"https:\/\/difrenos.com\/index.php\/wp-json\/wp\/v2\/media\/12769"}],"wp:attachment":[{"href":"https:\/\/difrenos.com\/index.php\/wp-json\/wp\/v2\/media?parent=12768"}],"wp:term":[{"taxonomy":"product_cat","embeddable":true,"href":"https:\/\/difrenos.com\/index.php\/wp-json\/wp\/v2\/product_cat?post=12768"},{"taxonomy":"product_tag","embeddable":true,"href":"https:\/\/difrenos.com\/index.php\/wp-json\/wp\/v2\/product_tag?post=12768"}],"curies":[{"name":"wp","href":"https:\/\/api.w.org\/{rel}","templated":true}]}}