{"id":12754,"date":"2024-09-18T11:18:21","date_gmt":"2024-09-18T11:18:21","guid":{"rendered":"https:\/\/difrenos.com\/?post_type=product&#038;p=12754"},"modified":"2026-03-12T13:54:21","modified_gmt":"2026-03-12T13:54:21","slug":"juego-de-punos-lock-on-jeff-emig","status":"publish","type":"product","link":"https:\/\/difrenos.com\/index.php\/producto\/juego-de-punos-lock-on-jeff-emig\/","title":{"rendered":"JUEGO DE PU\u00d1OS LOCK-ON \u00abJEFF EMIG\u00bb"},"content":{"rendered":"<p>Pu\u00f1o derecho pegado de forma fija al pu\u00f1o del acelerador<\/p>\n<p>Pu\u00f1o izquierdo con anillo opresor de aluminio para la fijaci\u00f3n al manillar<\/p>\n<p>Sin necesidad de pegados complicados ni fijaci\u00f3n con alambres<\/p>\n<p>Las diferentes bridas permiten modificar la velocidad de apertura de la v\u00e1lvula de mariposa<\/p>\n","protected":false},"excerpt":{"rendered":"<p>Pu\u00f1o derecho pegado de forma fija al pu\u00f1o del acelerador Pu\u00f1o izquierdo con anillo opresor de aluminio para la fijaci\u00f3n al manillar Sin necesidad de pegados complicados ni fijaci\u00f3n con alambres Las diferentes bridas permiten modificar la velocidad de apertura de la v\u00e1lvula de mariposa<\/p>\n","protected":false},"featured_media":12755,"template":"","meta":{"_et_pb_use_builder":"","_et_pb_old_content":"","_et_gb_content_width":""},"product_cat":[792],"product_tag":[],"_links":{"self":[{"href":"https:\/\/difrenos.com\/index.php\/wp-json\/wp\/v2\/product\/12754"}],"collection":[{"href":"https:\/\/difrenos.com\/index.php\/wp-json\/wp\/v2\/product"}],"about":[{"href":"https:\/\/difrenos.com\/index.php\/wp-json\/wp\/v2\/types\/product"}],"wp:featuredmedia":[{"embeddable":true,"href":"https:\/\/difrenos.com\/index.php\/wp-json\/wp\/v2\/media\/12755"}],"wp:attachment":[{"href":"https:\/\/difrenos.com\/index.php\/wp-json\/wp\/v2\/media?parent=12754"}],"wp:term":[{"taxonomy":"product_cat","embeddable":true,"href":"https:\/\/difrenos.com\/index.php\/wp-json\/wp\/v2\/product_cat?post=12754"},{"taxonomy":"product_tag","embeddable":true,"href":"https:\/\/difrenos.com\/index.php\/wp-json\/wp\/v2\/product_tag?post=12754"}],"curies":[{"name":"wp","href":"https:\/\/api.w.org\/{rel}","templated":true}]}}