{"id":12752,"date":"2024-09-18T11:15:19","date_gmt":"2024-09-18T11:15:19","guid":{"rendered":"https:\/\/difrenos.com\/?post_type=product&#038;p=12752"},"modified":"2026-03-12T11:59:59","modified_gmt":"2026-03-12T11:59:59","slug":"juego-de-punos-lock-on-husqvarna","status":"publish","type":"product","link":"https:\/\/difrenos.com\/index.php\/producto\/juego-de-punos-lock-on-husqvarna\/","title":{"rendered":"JUEGO DE PU\u00d1OS LOCK-ON HUSQVARNA"},"content":{"rendered":"<p>Pu\u00f1o derecho pegado de forma fija al pu\u00f1o del acelerador<\/p>\n<p>Pu\u00f1o izquierdo con anillo opresor de aluminio para la fijaci\u00f3n al manillar<\/p>\n<p>Sin necesidad de pegados complicados ni fijaci\u00f3n con alambres<\/p>\n<p>Versi\u00f3n abierta<\/p>\n","protected":false},"excerpt":{"rendered":"<p>Pu\u00f1o derecho pegado de forma fija al pu\u00f1o del acelerador Pu\u00f1o izquierdo con anillo opresor de aluminio para la fijaci\u00f3n al manillar Sin necesidad de pegados complicados ni fijaci\u00f3n con alambres Versi\u00f3n abierta<\/p>\n","protected":false},"featured_media":12753,"template":"","meta":{"_et_pb_use_builder":"","_et_pb_old_content":"","_et_gb_content_width":""},"product_cat":[792],"product_tag":[],"_links":{"self":[{"href":"https:\/\/difrenos.com\/index.php\/wp-json\/wp\/v2\/product\/12752"}],"collection":[{"href":"https:\/\/difrenos.com\/index.php\/wp-json\/wp\/v2\/product"}],"about":[{"href":"https:\/\/difrenos.com\/index.php\/wp-json\/wp\/v2\/types\/product"}],"wp:featuredmedia":[{"embeddable":true,"href":"https:\/\/difrenos.com\/index.php\/wp-json\/wp\/v2\/media\/12753"}],"wp:attachment":[{"href":"https:\/\/difrenos.com\/index.php\/wp-json\/wp\/v2\/media?parent=12752"}],"wp:term":[{"taxonomy":"product_cat","embeddable":true,"href":"https:\/\/difrenos.com\/index.php\/wp-json\/wp\/v2\/product_cat?post=12752"},{"taxonomy":"product_tag","embeddable":true,"href":"https:\/\/difrenos.com\/index.php\/wp-json\/wp\/v2\/product_tag?post=12752"}],"curies":[{"name":"wp","href":"https:\/\/api.w.org\/{rel}","templated":true}]}}