{"id":12643,"date":"2024-09-13T12:15:51","date_gmt":"2024-09-13T12:15:51","guid":{"rendered":"https:\/\/difrenos.com\/?post_type=product&#038;p=12643"},"modified":"2026-02-10T11:47:42","modified_gmt":"2026-02-10T11:47:42","slug":"maleta-terminal-bag-husqvarna-team","status":"publish","type":"product","link":"https:\/\/difrenos.com\/index.php\/producto\/maleta-terminal-bag-husqvarna-team\/","title":{"rendered":"Maleta Husqvarna Team"},"content":{"rendered":"<p>Referencia: <span data-masterid=\"3HS240035800\">3HS240035900<\/span><\/p>\n<div class=\"product-number\">\n<div>\n<p><strong>Maleta Husqvarna Team Terminal<\/strong><\/p>\n<p>Dise\u00f1o exclusivo de OGIO\u00ae para Husqvarna Motorcycles.<\/p>\n<ul>\n<li>Ruedas de skate y m\u00faltiples asas.<\/li>\n<li>Parte deslizante del panel trasero reforzada.<\/li>\n<li>Correas de compresi\u00f3n internas.<\/li>\n<li>M\u00faltiples asas de agarre y cremallera de expansi\u00f3n de 7,5 cm.<\/li>\n<li>Dos bolsillos exteriores de perfil bajo.<\/li>\n<li>Separador interior de malla.<\/li>\n<li>Asa telesc\u00f3pica.<\/li>\n<li>100 % poli\u00e9ster.<\/li>\n<li>41x33x71cm.<\/li>\n<\/ul>\n<\/div>\n<\/div>\n","protected":false},"excerpt":{"rendered":"<p>Referencia: 3HS240035900 Maleta Husqvarna Team Terminal Dise\u00f1o exclusivo de OGIO\u00ae para Husqvarna Motorcycles. Ruedas de skate y m\u00faltiples asas. Parte deslizante del panel trasero reforzada. Correas de compresi\u00f3n internas. M\u00faltiples asas de agarre y cremallera de expansi\u00f3n de 7,5 cm. Dos bolsillos exteriores de perfil bajo. Separador interior de malla. Asa telesc\u00f3pica. 100 % poli\u00e9ster. [&hellip;]<\/p>\n","protected":false},"featured_media":12645,"template":"","meta":{"_et_pb_use_builder":"","_et_pb_old_content":"","_et_gb_content_width":""},"product_cat":[33,701,272],"product_tag":[445,108],"_links":{"self":[{"href":"https:\/\/difrenos.com\/index.php\/wp-json\/wp\/v2\/product\/12643"}],"collection":[{"href":"https:\/\/difrenos.com\/index.php\/wp-json\/wp\/v2\/product"}],"about":[{"href":"https:\/\/difrenos.com\/index.php\/wp-json\/wp\/v2\/types\/product"}],"wp:featuredmedia":[{"embeddable":true,"href":"https:\/\/difrenos.com\/index.php\/wp-json\/wp\/v2\/media\/12645"}],"wp:attachment":[{"href":"https:\/\/difrenos.com\/index.php\/wp-json\/wp\/v2\/media?parent=12643"}],"wp:term":[{"taxonomy":"product_cat","embeddable":true,"href":"https:\/\/difrenos.com\/index.php\/wp-json\/wp\/v2\/product_cat?post=12643"},{"taxonomy":"product_tag","embeddable":true,"href":"https:\/\/difrenos.com\/index.php\/wp-json\/wp\/v2\/product_tag?post=12643"}],"curies":[{"name":"wp","href":"https:\/\/api.w.org\/{rel}","templated":true}]}}