{"id":12631,"date":"2024-09-13T09:36:58","date_gmt":"2024-09-13T09:36:58","guid":{"rendered":"https:\/\/difrenos.com\/?post_type=product&#038;p=12631"},"modified":"2026-03-13T09:14:50","modified_gmt":"2026-03-13T09:14:50","slug":"juego-de-protectores-de-chasis-factory-racing-husqvarna","status":"publish","type":"product","link":"https:\/\/difrenos.com\/index.php\/producto\/juego-de-protectores-de-chasis-factory-racing-husqvarna\/","title":{"rendered":"JUEGO DE PROTECTORES DE CHASIS FACTORY RACING HUSQVARNA(25103994000C11)"},"content":{"rendered":"<p>JUEGO DE PROTECTORES DE CHASIS FACTORY RACING HUSQVARNA. Protege el chasis manteniendo el contorno delgado de la moto. Fabricaci\u00f3n con la \u00faltima tecnolog\u00eda de moldeado por inyecci\u00f3n de 2 componentes. Montaje directo en el chasis. Impide el desgaste del chasis producido por la suciedad, las ca\u00eddas o los roces con las botas. Protecci\u00f3n fiable de los valiosos componentes de la motocicleta. Mejor control gracias a un mejor contacto con la motocicleta. Mayor agarre entre la bota y el chasis gracias a una mezcla de goma blanda.<\/p>\n<p>FE 501 \u00b419-\u00b423 \/ TE 300 \u00b419-\u00b423 \/ FC 450 \u00b418-\u00b422 \/ TC 125 \u00b419-\u00b422 \/ TE 150 \u00b420-\u00b422 \/ FE 250 \u00b419-\u00b423 \/ FC\/FE 350 \u00b419\u00b4-22<\/p>\n","protected":false},"excerpt":{"rendered":"<p>JUEGO DE PROTECTORES DE CHASIS FACTORY RACING HUSQVARNA. Protege el chasis manteniendo el contorno delgado de la moto. Fabricaci\u00f3n con la \u00faltima tecnolog\u00eda de moldeado por inyecci\u00f3n de 2 componentes. Montaje directo en el chasis. Impide el desgaste del chasis producido por la suciedad, las ca\u00eddas o los roces con las botas. Protecci\u00f3n fiable de [&hellip;]<\/p>\n","protected":false},"featured_media":12632,"template":"","meta":{"_et_pb_use_builder":"","_et_pb_old_content":"","_et_gb_content_width":""},"product_cat":[789,170],"product_tag":[],"_links":{"self":[{"href":"https:\/\/difrenos.com\/index.php\/wp-json\/wp\/v2\/product\/12631"}],"collection":[{"href":"https:\/\/difrenos.com\/index.php\/wp-json\/wp\/v2\/product"}],"about":[{"href":"https:\/\/difrenos.com\/index.php\/wp-json\/wp\/v2\/types\/product"}],"wp:featuredmedia":[{"embeddable":true,"href":"https:\/\/difrenos.com\/index.php\/wp-json\/wp\/v2\/media\/12632"}],"wp:attachment":[{"href":"https:\/\/difrenos.com\/index.php\/wp-json\/wp\/v2\/media?parent=12631"}],"wp:term":[{"taxonomy":"product_cat","embeddable":true,"href":"https:\/\/difrenos.com\/index.php\/wp-json\/wp\/v2\/product_cat?post=12631"},{"taxonomy":"product_tag","embeddable":true,"href":"https:\/\/difrenos.com\/index.php\/wp-json\/wp\/v2\/product_tag?post=12631"}],"curies":[{"name":"wp","href":"https:\/\/api.w.org\/{rel}","templated":true}]}}